{"id":1087,"date":"2023-09-17T15:14:45","date_gmt":"2023-09-17T15:14:45","guid":{"rendered":"http:\/\/sg-neubeckum.de\/?page_id=1087"},"modified":"2023-11-23T21:45:21","modified_gmt":"2023-11-23T21:45:21","slug":"harberg-marathon-ergebnisliste","status":"publish","type":"page","link":"https:\/\/sg-neubeckum.de\/?page_id=1087","title":{"rendered":"Harberg-Marathon Endergebnis"},"content":{"rendered":"<p style=\"text-align: center;\"><span style=\"font-family: arial, helvetica, sans-serif; font-size: 14pt;\"><strong>Die S.G. Neubeckum e.V. bedankt sich bei allen Sch\u00fctzen und Vereinen f\u00fcr die Teilname am<\/strong><\/span><\/p>\n<p style=\"text-align: center;\"><span style=\"font-family: arial, helvetica, sans-serif; font-size: 14pt;\"><strong>10. Hargerg-Marathon 2023<br \/>\n<\/strong><\/span><\/p>\n<p style=\"text-align: center;\"><span style=\"font-family: arial, helvetica, sans-serif; font-size: 14pt;\"><strong>Hier k\u00f6nnen sie die Ergebnislisten einsehen.<\/strong><\/span><\/p>\n<p style=\"text-align: center;\"><span style=\"font-family: arial, helvetica, sans-serif; font-size: 14pt;\"><a href=\"https:\/\/sg-neubeckum.de\/wp-content\/uploads\/2023\/11\/Endergebnisliste-ERICA-Pokal-2023.pdf\"><strong>HM-Ergebnisliste 2023<\/strong><\/a><\/span><\/p>\n<p style=\"text-align: center;\"><span style=\"font-family: arial, helvetica, sans-serif; font-size: 14pt;\"><strong>Wir laden alle Teilnehmer ein zur Siegerehrung <\/strong><strong>auf dem Harberg-Schie\u00dfstand<\/strong><strong> am <\/strong><\/span><\/p>\n<p style=\"text-align: center;\"><span style=\"font-family: arial, helvetica, sans-serif; font-size: 18pt;\"><strong><span style=\"color: #ff0000;\">Samstag, den 25.11.2023 ab 16.00 Uhr.<\/span> <\/strong><\/span><\/p>\n<p style=\"text-align: center;\"><span style=\"font-family: arial, helvetica, sans-serif; font-size: 14pt;\"><strong>\u00a0 <\/strong><strong>Die Ergebnisliste wird als PDF-Dokument heruntergeladen und in Ihrem Downloadverzeischnis gespeichert. <\/strong><\/span><\/p>\n<p style=\"text-align: center;\"><span style=\"font-family: arial, helvetica, sans-serif; font-size: 14pt;\"><strong>Sollten Sie Probleme haben, dieses PDF zu \u00f6ffnen, so k\u00f6nnen Sie sich <a href=\"https:\/\/www.adobe.com\/de\/acrobat\/pdf-reader.html?mv=search&amp;sdid=X2PHHWM8&amp;ef_id=EAIaIQobChMIlZLYgPKE-AIVw4TVCh2adQipEAAYASAAEgJEcPD_BwE:G:s&amp;s_kwcid=AL!3085!3!536814845406!e!!g!!adobe%20reader%20download!14038701815!123850610063&amp;gclid=EAIaIQobChMIlZLYgPKE-AIVw4TVCh2adQipEAAYASAAEgJEcPD_BwE\">hier<\/a> die aktuellste Version des Adobe-Reader herunterladen.<\/strong><\/span><\/p>\n","protected":false},"excerpt":{"rendered":"<p>Die S.G. Neubeckum e.V. bedankt sich bei allen Sch\u00fctzen und Vereinen f\u00fcr die Teilname am 10. Hargerg-Marathon 2023 Hier k\u00f6nnen sie die Ergebnislisten einsehen. HM-Ergebnisliste 2023 Wir laden alle Teilnehmer ein zur Siegerehrung auf dem Harberg-Schie\u00dfstand am Samstag, den 25.11.2023 ab 16.00 Uhr. \u00a0 Die Ergebnisliste wird als PDF-Dokument heruntergeladen und in Ihrem Downloadverzeischnis gespeichert. &#8230; <a title=\"Harberg-Marathon Endergebnis\" class=\"read-more\" href=\"https:\/\/sg-neubeckum.de\/?page_id=1087\" aria-label=\"Mehr Informationen \u00fcber Harberg-Marathon Endergebnis\">Weiterlesen &#8230;<\/a><\/p>\n","protected":false},"author":3,"featured_media":0,"parent":0,"menu_order":0,"comment_status":"closed","ping_status":"closed","template":"","meta":{"_bbp_topic_count":0,"_bbp_reply_count":0,"_bbp_total_topic_count":0,"_bbp_total_reply_count":0,"_bbp_voice_count":0,"_bbp_anonymous_reply_count":0,"_bbp_topic_count_hidden":0,"_bbp_reply_count_hidden":0,"_bbp_forum_subforum_count":0,"footnotes":""},"class_list":["post-1087","page","type-page","status-publish"],"_links":{"self":[{"href":"https:\/\/sg-neubeckum.de\/index.php?rest_route=\/wp\/v2\/pages\/1087","targetHints":{"allow":["GET"]}}],"collection":[{"href":"https:\/\/sg-neubeckum.de\/index.php?rest_route=\/wp\/v2\/pages"}],"about":[{"href":"https:\/\/sg-neubeckum.de\/index.php?rest_route=\/wp\/v2\/types\/page"}],"author":[{"embeddable":true,"href":"https:\/\/sg-neubeckum.de\/index.php?rest_route=\/wp\/v2\/users\/3"}],"replies":[{"embeddable":true,"href":"https:\/\/sg-neubeckum.de\/index.php?rest_route=%2Fwp%2Fv2%2Fcomments&post=1087"}],"version-history":[{"count":4,"href":"https:\/\/sg-neubeckum.de\/index.php?rest_route=\/wp\/v2\/pages\/1087\/revisions"}],"predecessor-version":[{"id":1185,"href":"https:\/\/sg-neubeckum.de\/index.php?rest_route=\/wp\/v2\/pages\/1087\/revisions\/1185"}],"wp:attachment":[{"href":"https:\/\/sg-neubeckum.de\/index.php?rest_route=%2Fwp%2Fv2%2Fmedia&parent=1087"}],"curies":[{"name":"wp","href":"https:\/\/api.w.org\/{rel}","templated":true}]}}