{"id":123,"date":"2021-08-10T14:47:50","date_gmt":"2021-08-10T14:47:50","guid":{"rendered":"http:\/\/sgn.sg-neubeckum.de\/?page_id=123"},"modified":"2023-01-13T10:21:29","modified_gmt":"2023-01-13T10:21:29","slug":"luftgewehr","status":"publish","type":"page","link":"https:\/\/sg-neubeckum.de\/?page_id=123","title":{"rendered":"Luftgewehr"},"content":{"rendered":"<p><span style=\"font-family: arial, helvetica, sans-serif;\"><\/span><\/p>\r\n<p style=\"text-align: justify;\"><strong><span style=\"font-family: arial, helvetica, sans-serif; font-size: 14pt;\">Luftgewehre sind Waffen, die im Sinne des Waffengesetzes sogenannte erwerbsfreie Waffen sind, d.h. die ab dem Alter von 18 Jahren frei verk\u00e4uflich sind. Luftgewehre haben ein Kaliber von 4,5 mm und sind in der Regel Einzellader. Die Schu\u00dfenergie liegt unterhalb von 7,5 Joul.<\/span><\/strong><\/p>\r\n<p style=\"text-align: justify;\"><strong><span style=\"font-family: arial, helvetica, sans-serif; font-size: 14pt;\">\r\n\r\n<\/span><\/strong><\/p>\r\n<p style=\"text-align: justify;\"><strong><span style=\"font-family: arial, helvetica, sans-serif; font-size: 14pt;\">Es gibt zwei Hauptgattungen der Luftgewehre:<\/span><\/strong><\/p>\r\n<p style=\"text-align: justify;\"><strong><span style=\"font-family: arial, helvetica, sans-serif; font-size: 14pt;\">\r\n\r\n<\/span><\/strong><\/p>\r\n<p style=\"text-align: justify;\"><strong><span style=\"font-family: arial, helvetica, sans-serif; font-size: 14pt;\">1. Die Federdruckwaffen. Hier wird \u00fcber einen am Lauf angebrachten Spannhebel \u00fcber eine Federmechanik mittels eines Kolben Luft f\u00fcr den einzelnen\u00a0 <\/span><\/strong><strong><span style=\"font-family: arial, helvetica, sans-serif; font-size: 14pt;\">Schu\u00df vorkomprimiert und <\/span><\/strong><strong><span style=\"font-family: arial, helvetica, sans-serif; font-size: 14pt;\">bereitgestellt beim <\/span><\/strong><strong><span style=\"font-family: arial, helvetica, sans-serif; font-size: 14pt;\">Ausl\u00f6sen des Schu\u00dfes freigesetzt.<\/span><\/strong><\/p>\r\n<p style=\"text-align: justify;\"><strong><span style=\"font-family: arial, helvetica, sans-serif; font-size: 14pt;\">2. Die Pressluftgewehre. Hier wird in einer unter dem Lauf angebrachten Kartusche Luft mit einem Druck von 200 bar bereitgestellt. F\u00fcr jeden einzelnen Schu\u00df wird dann ca. 1 bar Pressluft in die Vorkammer zum Abschu\u00df freigesetzt.<\/span><\/strong><\/p>\r\n<p style=\"text-align: center;\"><span style=\"text-decoration: underline;\"><span style=\"font-size: 18pt;\"><strong>Waffenbeispiele:<\/strong><\/span><\/span><\/p>\r\n<p style=\"text-align: center;\"><strong><span style=\"font-family: arial, helvetica, sans-serif; font-size: 14pt;\">\r\n\r\n<\/span><\/strong><\/p>\r\n<p style=\"text-align: center;\"><span style=\"font-family: arial, helvetica, sans-serif; font-size: 18pt;\"><strong>Kategorie: Federdruckwaffe<\/strong><\/span><\/p>\r\n<p style=\"text-align: center;\"><strong><span style=\"font-family: arial, helvetica, sans-serif; font-size: 14pt;\">\r\n\r\n<\/span><\/strong><\/p>\r\n<p style=\"text-align: center;\"><strong><span style=\"font-family: arial, helvetica, sans-serif; font-size: 14pt;\">\r\n\r\n<\/span><\/strong><\/p>\r\n<p style=\"text-align: center;\">\u00a0\u00a0\u00a0\u00a0\u00a0\u00a0\u00a0\u00a0\u00a0\u00a0\u00a0 <img loading=\"lazy\" decoding=\"async\" class=\"alignnone  wp-image-260\" src=\"http:\/\/sgn.sg-neubeckum.de\/wp-content\/uploads\/2022\/02\/FWB603-300x90.jpg\" alt=\"\" width=\"380\" height=\"114\" srcset=\"https:\/\/sg-neubeckum.de\/wp-content\/uploads\/2022\/02\/FWB603-300x90.jpg 300w, https:\/\/sg-neubeckum.de\/wp-content\/uploads\/2022\/02\/FWB603.jpg 350w\" sizes=\"auto, (max-width: 380px) 100vw, 380px\" \/><\/p>\r\n<p style=\"text-align: center;\"><strong><span style=\"font-family: arial, helvetica, sans-serif; font-size: 14pt;\">\r\n\r\n<\/span><\/strong><\/p>\r\n<p style=\"text-align: center;\"><strong><span style=\"font-family: arial, helvetica, sans-serif; font-size: 14pt;\">\r\n\r\n<\/span><\/strong><\/p>\r\n<p style=\"text-align: center;\"><span style=\"font-family: arial, helvetica, sans-serif; font-size: 14pt;\"><strong>Feinwerkbau <\/strong><strong>Modell 603 mit Schichtholzschaft<\/strong><\/span><\/p>\r\n<p style=\"text-align: center;\"><span style=\"font-size: 18pt;\"><strong><span style=\"font-family: arial, helvetica, sans-serif;\">Kategorie: Pressluft<\/span><\/strong><\/span><strong><span style=\"font-family: arial, helvetica, sans-serif; font-size: 14pt;\"><img loading=\"lazy\" decoding=\"async\" class=\"wp-image-124 aligncenter\" src=\"http:\/\/sgn.sg-neubeckum.de\/wp-content\/uploads\/2021\/08\/FWBP70.jpg\" alt=\"\" width=\"400\" height=\"159\" srcset=\"https:\/\/sg-neubeckum.de\/wp-content\/uploads\/2021\/08\/FWBP70.jpg 350w, https:\/\/sg-neubeckum.de\/wp-content\/uploads\/2021\/08\/FWBP70-300x119.jpg 300w\" sizes=\"auto, (max-width: 400px) 100vw, 400px\" \/><\/span><\/strong><span style=\"font-family: arial, helvetica, sans-serif; font-size: 14pt;\"><strong>Feinwerkbau <\/strong><strong>Modell P70 mit Schichtholzschaft<\/strong><\/span><\/p>\r\n<p style=\"text-align: center;\"><strong><span style=\"font-family: arial, helvetica, sans-serif; font-size: 14pt;\">\r\n\r\n<\/span><\/strong><\/p>\r\n<p style=\"text-align: center;\"><strong><span style=\"font-family: arial, helvetica, sans-serif; font-size: 14pt;\">\r\n\r\n\r\n\r\n<\/span><\/strong><\/p>\r\n<p style=\"text-align: center;\"><span style=\"font-family: arial, helvetica, sans-serif; font-size: 14pt;\"><strong>\u00a0<\/strong><\/span><\/p>\r\n<p style=\"text-align: center;\"><strong><span style=\"font-family: arial, helvetica, sans-serif; font-size: 14pt;\">\r\n\r\n<\/span><\/strong><\/p>\r\n<figure class=\"wp-block-image size-full\"><strong><span style=\"font-family: arial, helvetica, sans-serif; font-size: 14pt;\"><img loading=\"lazy\" decoding=\"async\" class=\"wp-image-266 aligncenter\" src=\"http:\/\/sgn.sg-neubeckum.de\/wp-content\/uploads\/2022\/02\/FWBP70_alu.jpg\" alt=\"\" width=\"401\" height=\"102\" srcset=\"https:\/\/sg-neubeckum.de\/wp-content\/uploads\/2022\/02\/FWBP70_alu.jpg 350w, https:\/\/sg-neubeckum.de\/wp-content\/uploads\/2022\/02\/FWBP70_alu-300x76.jpg 300w\" sizes=\"auto, (max-width: 401px) 100vw, 401px\" \/><\/span><\/strong><\/figure>\r\n<p style=\"text-align: center;\"><span style=\"font-family: arial, helvetica, sans-serif; font-size: 14pt;\"><strong>Feinwerkbau P70 mit Alu-Schaft<\/strong><\/span><\/p>\r\n<p><span style=\"font-family: arial, helvetica, sans-serif;\"><\/span><\/p>","protected":false},"excerpt":{"rendered":"<p>Luftgewehre sind Waffen, die im Sinne des Waffengesetzes sogenannte erwerbsfreie Waffen sind, d.h. die ab dem Alter von 18 Jahren frei verk\u00e4uflich sind. Luftgewehre haben ein Kaliber von 4,5 mm und sind in der Regel Einzellader. Die Schu\u00dfenergie liegt unterhalb von 7,5 Joul. Es gibt zwei Hauptgattungen der Luftgewehre: 1. Die Federdruckwaffen. Hier wird \u00fcber &#8230; <a title=\"Luftgewehr\" class=\"read-more\" href=\"https:\/\/sg-neubeckum.de\/?page_id=123\" aria-label=\"Mehr Informationen \u00fcber Luftgewehr\">Weiterlesen &#8230;<\/a><\/p>\n","protected":false},"author":3,"featured_media":0,"parent":0,"menu_order":0,"comment_status":"closed","ping_status":"closed","template":"","meta":{"_bbp_topic_count":0,"_bbp_reply_count":0,"_bbp_total_topic_count":0,"_bbp_total_reply_count":0,"_bbp_voice_count":0,"_bbp_anonymous_reply_count":0,"_bbp_topic_count_hidden":0,"_bbp_reply_count_hidden":0,"_bbp_forum_subforum_count":0,"footnotes":""},"class_list":["post-123","page","type-page","status-publish"],"_links":{"self":[{"href":"https:\/\/sg-neubeckum.de\/index.php?rest_route=\/wp\/v2\/pages\/123","targetHints":{"allow":["GET"]}}],"collection":[{"href":"https:\/\/sg-neubeckum.de\/index.php?rest_route=\/wp\/v2\/pages"}],"about":[{"href":"https:\/\/sg-neubeckum.de\/index.php?rest_route=\/wp\/v2\/types\/page"}],"author":[{"embeddable":true,"href":"https:\/\/sg-neubeckum.de\/index.php?rest_route=\/wp\/v2\/users\/3"}],"replies":[{"embeddable":true,"href":"https:\/\/sg-neubeckum.de\/index.php?rest_route=%2Fwp%2Fv2%2Fcomments&post=123"}],"version-history":[{"count":9,"href":"https:\/\/sg-neubeckum.de\/index.php?rest_route=\/wp\/v2\/pages\/123\/revisions"}],"predecessor-version":[{"id":839,"href":"https:\/\/sg-neubeckum.de\/index.php?rest_route=\/wp\/v2\/pages\/123\/revisions\/839"}],"wp:attachment":[{"href":"https:\/\/sg-neubeckum.de\/index.php?rest_route=%2Fwp%2Fv2%2Fmedia&parent=123"}],"curies":[{"name":"wp","href":"https:\/\/api.w.org\/{rel}","templated":true}]}}