{"id":153,"date":"2021-09-02T17:02:16","date_gmt":"2021-09-02T17:02:16","guid":{"rendered":"http:\/\/sgn.sg-neubeckum.de\/?page_id=153"},"modified":"2022-04-18T20:12:52","modified_gmt":"2022-04-18T20:12:52","slug":"haftungsauschluesse","status":"publish","type":"page","link":"https:\/\/sg-neubeckum.de\/?page_id=153","title":{"rendered":"Haftungsauschl\u00fcsse"},"content":{"rendered":"<p><span style=\"font-family: arial, helvetica, sans-serif;\"><\/span><\/p>\r\n<h1 id=\"haftung-fur-inhalte\" class=\"has-large-font-size wp-block-heading\"><span style=\"text-decoration: underline;\"><span style=\"font-family: arial, helvetica, sans-serif; font-size: 24pt;\"><strong>Haftung f\u00fcr Inhalte<\/strong><\/span><\/span><\/h1>\r\n<p><span style=\"font-family: arial, helvetica, sans-serif;\">\r\n\r\n<\/span><\/p>\r\n<p style=\"text-align: justify;\"><span style=\"font-size: 14pt;\"><span style=\"font-family: arial, helvetica, sans-serif;\">Als Diensteanbieter sind wir gem\u00e4\u00df \u00a7 7 Abs.1 TMG f\u00fcr eigene Inhalte auf diesen Seiten nach den <\/span><span style=\"font-family: arial, helvetica, sans-serif;\">allgemeinen Gesetzen verantwortlich. Nach \u00a7\u00a7 8 bis 10 TMG sind wir als Diensteanbieter jedoch nicht <\/span><span style=\"font-family: arial, helvetica, sans-serif;\">verpflichtet, \u00fcbermittelte oder gespeicherte fremde Informationen zu \u00fcberwachen oder nach Umst\u00e4nden zu <\/span><span style=\"font-family: arial, helvetica, sans-serif;\">forschen, die auf eine rechtswidrige T\u00e4tigkeit hinweisen.<\/span><\/span><br \/><span style=\"font-size: 14pt;\"><span style=\"font-family: arial, helvetica, sans-serif;\">Verpflichtungen zur Entfernung oder Sperrung der Nutzung von Informationen nach den allgemeinen <\/span><span style=\"font-family: arial, helvetica, sans-serif;\">Gesetzen bleiben hiervon unber\u00fchrt. Eine diesbez\u00fcgliche Haftung ist jedoch erst ab dem Zeitpunkt der<\/span> <span style=\"font-family: arial, helvetica, sans-serif;\">Kenntnis einer konkreten Rechtsverletzung m\u00f6glich. Bei Bekanntwerden von entsprechenden <\/span><span style=\"font-family: arial, helvetica, sans-serif;\">Rechtsverletzungen werden wir diese Inhalte umgehend entfernen.<\/span><\/span><\/p>\r\n<p style=\"text-align: justify;\"><span style=\"font-family: arial, helvetica, sans-serif;\">\r\n\r\n<\/span><\/p>\r\n<p style=\"text-align: justify;\"><span style=\"text-decoration: underline;\"><span style=\"font-family: arial, helvetica, sans-serif; font-size: 24pt;\"><strong>Haftung f\u00fcr Links<\/strong><\/span><\/span><\/p>\r\n<p style=\"text-align: justify;\"><span style=\"font-size: 14pt;\"><span style=\"font-family: arial, helvetica, sans-serif;\">Unser Angebot enth\u00e4lt Links zu externen Websites Dritter, auf deren Inhalte wir keinen Einfluss haben. <\/span><span style=\"font-family: arial, helvetica, sans-serif;\">Deshalb k\u00f6nnen wir f\u00fcr diese fremden Inhalte auch keine Gew\u00e4hr \u00fcbernehmen. F\u00fcr die Inhalte der<\/span> <span style=\"font-family: arial, helvetica, sans-serif;\">verlinkten Seiten ist stets der jeweilige Anbieter oder Betreiber der Seiten verantwortlich. Die verlinkten <\/span><span style=\"font-family: arial, helvetica, sans-serif;\">Seiten wurden zum Zeitpunkt der Verlinkung auf m\u00f6gliche Rechtsverst\u00f6\u00dfe \u00fcberpr\u00fcft. Rechtswidrige Inhalte<\/span> <span style=\"font-family: arial, helvetica, sans-serif;\">waren zum Zeitpunkt der Verlinkung nicht erkennbar.<\/span><\/span><br \/><span style=\"font-size: 14pt;\"><span style=\"font-family: arial, helvetica, sans-serif;\">Eine permanente inhaltliche Kontrolle der verlinkten Seiten ist jedoch ohne konkrete Anhaltspunkte einer <\/span><span style=\"font-family: arial, helvetica, sans-serif;\">Rechtsverletzung nicht zumutbar. Bei Bekanntwerden von Rechtsverletzungen werden wir derartige Links <\/span><span style=\"font-family: arial, helvetica, sans-serif;\">umgehend entfernen.<\/span><\/span><\/p>\r\n<p style=\"text-align: justify;\"><span style=\"font-family: arial, helvetica, sans-serif;\">\r\n\r\n<\/span><\/p>\r\n<p style=\"text-align: justify;\"><span style=\"font-family: arial, helvetica, sans-serif;\">\r\n\r\n<\/span><\/p>\r\n<p style=\"text-align: justify;\"><span style=\"text-decoration: underline;\"><span style=\"font-family: arial, helvetica, sans-serif; font-size: 24pt;\"><strong>Urheberrecht<\/strong><\/span><\/span><\/p>\r\n<p style=\"text-align: justify;\"><span style=\"font-size: 14pt;\"><span style=\"font-family: arial, helvetica, sans-serif;\">Die durch die Seitenbetreiber erstellten Inhalte und Werke auf diesen Seiten unterliegen dem deutschen <\/span><span style=\"font-family: arial, helvetica, sans-serif;\">Urheberrecht. Die Vervielf\u00e4ltigung, Bearbeitung, Verbreitung und jede Art der Verwertung au\u00dferhalb der<\/span> <span style=\"font-family: arial, helvetica, sans-serif;\">Grenzen des Urheberrechtes bed\u00fcrfen der schriftlichen Zustimmung des jeweiligen Autors bzw. Erstellers.<\/span><\/span><br \/><span style=\"font-size: 14pt;\"><span style=\"font-family: arial, helvetica, sans-serif;\">Downloads und Kopien dieser Seite sind nur f\u00fcr den privaten, nicht kommerziellen Gebrauch gestattet. <\/span><span style=\"font-family: arial, helvetica, sans-serif;\">Soweit die Inhalte auf dieser Seite nicht vom Betreiber erstellt wurden, werden die Urheberrechte Dritter<\/span> <span style=\"font-family: arial, helvetica, sans-serif;\">beachtet. Insbesondere werden Inhalte Dritter als solche gekennzeichnet. Sollten Sie trotzdem auf eine <\/span><span style=\"font-family: arial, helvetica, sans-serif;\">Urheberrechtsverletzung aufmerksam werden, bitten wir um einen entsprechenden Hinweis. Bei <\/span><span style=\"font-family: arial, helvetica, sans-serif;\">Bekanntwerden von Rechtsverletzungen werden wir derartige Inhalte umgehend entfernen.<\/span><\/span><\/p>\r\n<p><span style=\"font-family: arial, helvetica, sans-serif;\">\r\n\r\n<\/span><\/p>\r\n<p><br \/><strong><span style=\"font-family: arial, helvetica, sans-serif; font-size: 14pt;\">Quelle: <\/span><\/strong><strong><span style=\"font-family: arial, helvetica, sans-serif; font-size: 14pt;\">eRecht24<\/span><\/strong><\/p>\r\n<p><span style=\"font-family: arial, helvetica, sans-serif;\"><\/span><\/p>","protected":false},"excerpt":{"rendered":"<p>Haftung f\u00fcr Inhalte Als Diensteanbieter sind wir gem\u00e4\u00df \u00a7 7 Abs.1 TMG f\u00fcr eigene Inhalte auf diesen Seiten nach den allgemeinen Gesetzen verantwortlich. Nach \u00a7\u00a7 8 bis 10 TMG sind wir als Diensteanbieter jedoch nicht verpflichtet, \u00fcbermittelte oder gespeicherte fremde Informationen zu \u00fcberwachen oder nach Umst\u00e4nden zu forschen, die auf eine rechtswidrige T\u00e4tigkeit hinweisen.Verpflichtungen zur &#8230; <a title=\"Haftungsauschl\u00fcsse\" class=\"read-more\" href=\"https:\/\/sg-neubeckum.de\/?page_id=153\" aria-label=\"Mehr Informationen \u00fcber Haftungsauschl\u00fcsse\">Weiterlesen &#8230;<\/a><\/p>\n","protected":false},"author":3,"featured_media":0,"parent":0,"menu_order":0,"comment_status":"closed","ping_status":"closed","template":"","meta":{"_bbp_topic_count":0,"_bbp_reply_count":0,"_bbp_total_topic_count":0,"_bbp_total_reply_count":0,"_bbp_voice_count":0,"_bbp_anonymous_reply_count":0,"_bbp_topic_count_hidden":0,"_bbp_reply_count_hidden":0,"_bbp_forum_subforum_count":0,"footnotes":""},"class_list":["post-153","page","type-page","status-publish"],"_links":{"self":[{"href":"https:\/\/sg-neubeckum.de\/index.php?rest_route=\/wp\/v2\/pages\/153","targetHints":{"allow":["GET"]}}],"collection":[{"href":"https:\/\/sg-neubeckum.de\/index.php?rest_route=\/wp\/v2\/pages"}],"about":[{"href":"https:\/\/sg-neubeckum.de\/index.php?rest_route=\/wp\/v2\/types\/page"}],"author":[{"embeddable":true,"href":"https:\/\/sg-neubeckum.de\/index.php?rest_route=\/wp\/v2\/users\/3"}],"replies":[{"embeddable":true,"href":"https:\/\/sg-neubeckum.de\/index.php?rest_route=%2Fwp%2Fv2%2Fcomments&post=153"}],"version-history":[{"count":12,"href":"https:\/\/sg-neubeckum.de\/index.php?rest_route=\/wp\/v2\/pages\/153\/revisions"}],"predecessor-version":[{"id":605,"href":"https:\/\/sg-neubeckum.de\/index.php?rest_route=\/wp\/v2\/pages\/153\/revisions\/605"}],"wp:attachment":[{"href":"https:\/\/sg-neubeckum.de\/index.php?rest_route=%2Fwp%2Fv2%2Fmedia&parent=153"}],"curies":[{"name":"wp","href":"https:\/\/api.w.org\/{rel}","templated":true}]}}