{"id":26,"date":"2021-08-10T09:41:49","date_gmt":"2021-08-10T09:41:49","guid":{"rendered":"http:\/\/sgn.sg-neubeckum.de\/?page_id=26"},"modified":"2024-07-11T10:26:52","modified_gmt":"2024-07-11T10:26:52","slug":"wir-ueber-uns","status":"publish","type":"page","link":"https:\/\/sg-neubeckum.de\/?page_id=26","title":{"rendered":"Wir \u00fcber uns"},"content":{"rendered":"<p><span style=\"font-family: arial, helvetica, sans-serif;\"><\/span><\/p>\r\n<p style=\"text-align: center;\"><span style=\"font-size: 24pt;\"><strong><span style=\"font-family: arial, helvetica, sans-serif;\">Die S.G. Neubeckum e.V. ist ein schie\u00dfsportreibender Verein f\u00fcr Jung und Alt.<\/span><\/strong><\/span><\/p>\r\n<p><br \/><strong><span style=\"font-family: arial, helvetica, sans-serif; font-size: 14pt;\">Wir sind Mitglied im Deutschen Sch\u00fctzenbund e.V. , sowie dem untergeordnetem Landesverband, dem Westf\u00e4lischen Sch\u00fctzenbund e.V. und auch dem Sch\u00fctzenkreis Beckum<\/span><\/strong><\/p>\r\n<p><strong><span style=\"font-family: arial, helvetica, sans-serif; font-size: 14pt;\">\r\n\r\n<\/span><\/strong><\/p>\r\n<p><strong><span style=\"font-family: arial, helvetica, sans-serif; font-size: 14pt;\">Auf unser Schie\u00dfstandanlage k\u00f6nnen folgende Waffenarten geschossen werden (Mit einem Klick auf die Waffenart werden weitere Erl\u00e4uterungen zu der angew\u00e4hlten Waffenart angezeigt):<\/span><\/strong><\/p>\r\n<table class=\" aligncenter\" style=\"height: 188px; width: 86.1487%; border-collapse: collapse; border-style: none; border-color: #006600;\">\r\n<tbody>\r\n<tr style=\"height: 25px;\">\r\n<td style=\"width: 19.9178%; height: 25px;\" rowspan=\"2\"><span style=\"font-family: arial, helvetica, sans-serif; font-size: 14pt;\"><strong>Auf dem 10-Meter-Stand:<\/strong><\/span><\/td>\r\n<td style=\"width: 20.2512%; height: 25px;\"><span style=\"font-family: arial, helvetica, sans-serif; font-size: 14pt;\"><strong>ab dem\u00a0 8. Lebensjahr<\/strong><\/span><\/td>\r\n<td style=\"width: 47.6777%; height: 25px;\"><span style=\"font-family: arial, helvetica, sans-serif; font-size: 14pt; color: #006600;\"><a style=\"color: #006600;\" href=\"https:\/\/sg-neubeckum.de\/?page_id=849\"><strong>Lichtgewehr<\/strong><\/a><\/span><\/td>\r\n<\/tr>\r\n<tr style=\"height: 25px;\">\r\n<td style=\"width: 20.2512%; height: 25px;\"><span style=\"font-family: arial, helvetica, sans-serif; font-size: 14pt;\"><strong>ab dem12. Lebensjahr<\/strong><\/span><\/td>\r\n<td style=\"width: 47.6777%; height: 25px;\"><span style=\"font-family: arial, helvetica, sans-serif; font-size: 14pt; color: #006600;\"><strong><a style=\"color: #006600;\" href=\"https:\/\/sg-neubeckum.de\/?page_id=123\">Luftgewehr<\/a> <span style=\"color: #000000;\">und <\/span><a style=\"color: #006600;\" href=\"https:\/\/sg-neubeckum.de\/?page_id=415\">Luftpistole<\/a><\/strong><\/span><\/td>\r\n<\/tr>\r\n<tr style=\"height: 25px;\">\r\n<td style=\"width: 19.9178%; height: 25px;\" rowspan=\"2\"><span style=\"font-family: arial, helvetica, sans-serif; font-size: 14pt;\"><strong>Auf dem 25-Meter-Stand:<\/strong><\/span><\/td>\r\n<td style=\"width: 20.2512%; height: 25px;\"><span style=\"font-family: arial, helvetica, sans-serif; font-size: 14pt;\"><strong>ab dem16. Lebensjahr<\/strong><\/span><\/td>\r\n<td style=\"width: 47.6777%; height: 25px;\"><span style=\"font-family: arial, helvetica, sans-serif; font-size: 14pt;\"><strong><span style=\"color: #006600;\"><a style=\"color: #006600;\" href=\"https:\/\/sg-neubeckum.de\/?page_id=423\">Sportpistole-KK<\/a><\/span> Kal. 22 lfb\u00a0 <\/strong><\/span><\/td>\r\n<\/tr>\r\n<tr style=\"height: 25px;\">\r\n<td style=\"width: 20.2512%; height: 25px;\"><span style=\"font-family: arial, helvetica, sans-serif; font-size: 14pt;\"><strong>ab dem18. Lebensjahr<\/strong><\/span><\/td>\r\n<td style=\"width: 47.6777%; height: 25px;\"><span style=\"font-family: arial, helvetica, sans-serif; font-size: 14pt;\"><strong><span style=\"color: #006600;\"><a style=\"color: #006600;\" href=\"https:\/\/sg-neubeckum.de\/?page_id=435\">Zentralfeuerwaffe<\/a><\/span> ab Kal. 32 bis max. Kal. 45 (Bleigeschosse)<\/strong><\/span><\/td>\r\n<\/tr>\r\n<tr style=\"height: 25px;\">\r\n<td style=\"width: 19.9178%; height: 25px;\"><span style=\"font-family: arial, helvetica, sans-serif; font-size: 14pt;\"><strong>Auf dem 50-Meter-Stand:<\/strong><\/span><\/td>\r\n<td style=\"width: 20.2512%; height: 25px;\"><span style=\"font-family: arial, helvetica, sans-serif; font-size: 14pt;\"><strong>ab dem16. Lebensjahr<\/strong><\/span><\/td>\r\n<td style=\"width: 47.6777%; height: 25px;\"><span style=\"font-family: arial, helvetica, sans-serif; font-size: 14pt;\"><strong><span style=\"color: #006600;\"><a style=\"color: #006600;\" href=\"https:\/\/sg-neubeckum.de\/?page_id=429\">Kleinkaliber-Gewehr<\/a><\/span> Kal. 22 lfb\u00a0\u00a0\u00a0\u00a0\u00a0\u00a0\u00a0\u00a0\u00a0\u00a0\u00a0\u00a0\u00a0\u00a0\u00a0\u00a0\u00a0\u00a0\u00a0\u00a0\u00a0\u00a0\u00a0\u00a0\u00a0\u00a0\u00a0\u00a0\u00a0\u00a0\u00a0\u00a0\u00a0\u00a0\u00a0\u00a0\u00a0\u00a0\u00a0\u00a0\u00a0\u00a0\u00a0\u00a0\u00a0\u00a0\u00a0\u00a0\u00a0\u00a0\u00a0 <\/strong><\/span><br \/><span style=\"font-family: arial, helvetica, sans-serif; font-size: 14pt;\"><a href=\"https:\/\/sg-neubeckum.de\/?page_id=426\"><strong><span style=\"color: #006600;\">Freie Pistole<\/span><\/strong><\/a><\/span><\/td>\r\n<\/tr>\r\n<\/tbody>\r\n<\/table>\r\n<p>&nbsp;<\/p>\r\n<p>&nbsp;<\/p>\r\n<p>&nbsp;<\/p>\r\n<p><strong><span style=\"font-family: arial, helvetica, sans-serif; font-size: 14pt;\">Wer unserem Verein beitreten m\u00f6chte, sollte wissen, das wir wie jeder andere Verein auch, einen Jahresbeitrag je nach Altersstufe einmal j\u00e4hrlich einziehen werden. Der Sepa-Lastschrifteneinzug erfolgt in der Regel zum 15.03. eines jeden Jahres.<\/span><\/strong><\/p>\r\n<p><strong><span style=\"font-family: arial, helvetica, sans-serif; font-size: 14pt;\">\r\n\r\n<\/span><\/strong><\/p>\r\n<p><strong><span style=\"font-family: arial, helvetica, sans-serif; font-size: 14pt;\">Dieser Beitrag staffelt sich nun wie folgt:<\/span><\/strong><\/p>\r\n<p><strong><span style=\"font-family: arial, helvetica, sans-serif; font-size: 14pt;\">\r\n\r\n<\/span><\/strong><\/p>\r\n<table style=\"border-collapse: collapse; width: 57.3535%; height: 262px;\">\r\n<tbody>\r\n<tr>\r\n<td style=\"width: 40.8852%;\"><span style=\"font-family: arial, helvetica, sans-serif; font-size: 14pt;\"><strong>Sch\u00fcler bis 14 Jahre<\/strong><\/span><\/td>\r\n<td style=\"width: 9.87656%;\"><span style=\"font-family: arial, helvetica, sans-serif; font-size: 14pt;\"><strong>32,&#8211; \u20ac<\/strong><\/span><\/td>\r\n<\/tr>\r\n<tr>\r\n<td style=\"width: 40.8852%;\"><span style=\"font-family: arial, helvetica, sans-serif; font-size: 14pt;\"><strong>Jugend\/Junioren\/Sudenten\/Auszubildende bis 26 Jahre<\/strong><\/span><\/td>\r\n<td style=\"width: 9.87656%;\"><span style=\"font-family: arial, helvetica, sans-serif; font-size: 14pt;\"><strong>39,50,&#8211; \u20ac<\/strong><\/span><\/td>\r\n<\/tr>\r\n<tr>\r\n<td style=\"width: 40.8852%;\"><span style=\"font-family: arial, helvetica, sans-serif; font-size: 14pt;\"><strong>Alle \u00fcbrigen Aktive ab 18 Jahre<\/strong><\/span><\/td>\r\n<td style=\"width: 9.87656%;\"><span style=\"font-family: arial, helvetica, sans-serif; font-size: 14pt;\"><strong>100,&#8211; \u20ac<\/strong><\/span><\/td>\r\n<\/tr>\r\n<tr>\r\n<td style=\"width: 40.8852%;\"><span style=\"font-family: arial, helvetica, sans-serif; font-size: 14pt;\"><strong>Einmalige\u00a0 Aufnahmegeb\u00fchr<\/strong><\/span><\/td>\r\n<td style=\"width: 9.87656%;\"><span style=\"font-family: arial, helvetica, sans-serif; font-size: 14pt;\"><strong>50,&#8211; \u20ac<\/strong><\/span><\/td>\r\n<\/tr>\r\n<\/tbody>\r\n<\/table>\r\n<p><strong><span style=\"font-family: arial, helvetica, sans-serif; font-size: 14pt;\">\r\n\r\n<\/span><\/strong><\/p>\r\n<p><span style=\"font-family: arial, helvetica, sans-serif;\"><span style=\"font-size: 16px;\"><b>In den o.g. Jahresbeitr\u00e4gen ist eine Versicherungsgeb\u00fchr gem\u00e4\u00df WSB\/DSB enthalten.<\/b><\/span><\/span><\/p>\r\n<p><span style=\"font-family: arial, helvetica, sans-serif;\"><\/span><\/p>","protected":false},"excerpt":{"rendered":"<p>Die S.G. Neubeckum e.V. ist ein schie\u00dfsportreibender Verein f\u00fcr Jung und Alt. Wir sind Mitglied im Deutschen Sch\u00fctzenbund e.V. , sowie dem untergeordnetem Landesverband, dem Westf\u00e4lischen Sch\u00fctzenbund e.V. und auch dem Sch\u00fctzenkreis Beckum Auf unser Schie\u00dfstandanlage k\u00f6nnen folgende Waffenarten geschossen werden (Mit einem Klick auf die Waffenart werden weitere Erl\u00e4uterungen zu der angew\u00e4hlten Waffenart angezeigt): &#8230; <a title=\"Wir \u00fcber uns\" class=\"read-more\" href=\"https:\/\/sg-neubeckum.de\/?page_id=26\" aria-label=\"Mehr Informationen \u00fcber Wir \u00fcber uns\">Weiterlesen &#8230;<\/a><\/p>\n","protected":false},"author":3,"featured_media":0,"parent":0,"menu_order":0,"comment_status":"closed","ping_status":"closed","template":"","meta":{"_bbp_topic_count":0,"_bbp_reply_count":0,"_bbp_total_topic_count":0,"_bbp_total_reply_count":0,"_bbp_voice_count":0,"_bbp_anonymous_reply_count":0,"_bbp_topic_count_hidden":0,"_bbp_reply_count_hidden":0,"_bbp_forum_subforum_count":0,"footnotes":""},"class_list":["post-26","page","type-page","status-publish"],"_links":{"self":[{"href":"https:\/\/sg-neubeckum.de\/index.php?rest_route=\/wp\/v2\/pages\/26","targetHints":{"allow":["GET"]}}],"collection":[{"href":"https:\/\/sg-neubeckum.de\/index.php?rest_route=\/wp\/v2\/pages"}],"about":[{"href":"https:\/\/sg-neubeckum.de\/index.php?rest_route=\/wp\/v2\/types\/page"}],"author":[{"embeddable":true,"href":"https:\/\/sg-neubeckum.de\/index.php?rest_route=\/wp\/v2\/users\/3"}],"replies":[{"embeddable":true,"href":"https:\/\/sg-neubeckum.de\/index.php?rest_route=%2Fwp%2Fv2%2Fcomments&post=26"}],"version-history":[{"count":46,"href":"https:\/\/sg-neubeckum.de\/index.php?rest_route=\/wp\/v2\/pages\/26\/revisions"}],"predecessor-version":[{"id":1225,"href":"https:\/\/sg-neubeckum.de\/index.php?rest_route=\/wp\/v2\/pages\/26\/revisions\/1225"}],"wp:attachment":[{"href":"https:\/\/sg-neubeckum.de\/index.php?rest_route=%2Fwp%2Fv2%2Fmedia&parent=26"}],"curies":[{"name":"wp","href":"https:\/\/api.w.org\/{rel}","templated":true}]}}