{"id":29,"date":"2021-08-10T09:41:49","date_gmt":"2021-08-10T09:41:49","guid":{"rendered":"http:\/\/sgn.sg-neubeckum.de\/?page_id=29"},"modified":"2023-11-16T20:23:07","modified_gmt":"2023-11-16T20:23:07","slug":"kontakt","status":"publish","type":"page","link":"https:\/\/sg-neubeckum.de\/?page_id=29","title":{"rendered":"Kontakt"},"content":{"rendered":"\r\n<p style=\"text-align: center;\"><span style=\"font-size: 18pt;\"><strong><span style=\"font-family: arial, helvetica, sans-serif;\">Unser Schie\u00dfstand befindet sich im Sportzentrum Harberg, Nienk\u00e4mpe 9, *) und ist ge\u00f6ffnet:<\/span><\/strong><\/span><br \/><span style=\"font-size: 18pt;\"><strong><span style=\"font-family: arial, helvetica, sans-serif;\">Dienstag und Freitag von 18.00 &#8211; 22.00 Uhr<\/span><\/strong><\/span><br \/><span style=\"font-size: 18pt;\"><strong><span style=\"font-family: arial, helvetica, sans-serif;\">Sonntags nach Absprache<\/span><\/strong><\/span><\/p>\r\n<p><span style=\"font-size: 18pt;\"><strong><span style=\"font-family: arial, helvetica, sans-serif;\">\r\n\r\n<\/span><\/strong><\/span><\/p>\r\n<p style=\"text-align: center;\"><span style=\"font-size: 18pt;\"><strong><span style=\"font-family: arial, helvetica, sans-serif;\">W\u00e4hrend der Trainingszeiten sind wir auf dem Stand erreichbar unter<\/span><\/strong><\/span><\/p>\r\n<p><span style=\"font-size: 18pt;\"><strong><span style=\"font-family: arial, helvetica, sans-serif;\">\r\n\r\n<\/span><\/strong><\/span><\/p>\r\n<p style=\"text-align: center;\"><span style=\"font-size: 18pt;\"><strong><span style=\"font-family: arial, helvetica, sans-serif;\">Telefon (02525) 76 74<\/span><\/strong><\/span><\/p>\r\n<p><strong><span style=\"font-family: arial, helvetica, sans-serif; font-size: 14pt;\">\r\n\r\n<\/span><\/strong><\/p>\r\n<p style=\"text-align: center;\"><strong><span style=\"font-family: arial, helvetica, sans-serif; font-size: 14pt;\">*) Den Anfahrtsweg entnehmen Sie bitte der <a href=\"https:\/\/sg-neubeckum.de\/?page_id=61\">Wegbeschreibung<\/a><\/span><\/strong><\/p>\r\n<p><strong><span style=\"font-family: arial, helvetica, sans-serif; font-size: 14pt;\">\r\n\r\n<\/span><\/strong><\/p>\r\n<p style=\"text-align: center;\"><span style=\"font-size: 18pt;\"><strong><span style=\"font-family: arial, helvetica, sans-serif;\">Unsere Vereinsadresse lautet:<\/span><\/strong><\/span><\/p>\r\n<p><span style=\"font-size: 18pt;\"><strong><span style=\"font-family: arial, helvetica, sans-serif;\">\r\n\r\n<\/span><\/strong><\/span><\/p>\r\n<p style=\"text-align: center;\"><span style=\"font-size: 18pt;\"><strong><span style=\"font-family: arial, helvetica, sans-serif;\">Schie\u00dfgesellschaft Neubeckum 1961 e.V.<\/span><\/strong><\/span><br \/><span style=\"font-size: 18pt;\"><strong><span style=\"font-family: arial, helvetica, sans-serif;\">Sperberstr. 24a<\/span><\/strong><\/span><br \/><span style=\"font-size: 18pt;\"><strong><span style=\"font-family: arial, helvetica, sans-serif;\">D-59269 Beckum-Neubeckum<\/span><\/strong><\/span><\/p>\r\n<p><span style=\"font-size: 18pt;\"><strong><span style=\"font-family: arial, helvetica, sans-serif;\">\r\n\r\n<\/span><\/strong><\/span><\/p>\r\n<p style=\"text-align: center;\"><span style=\"font-size: 18pt;\"><strong><span style=\"font-family: arial, helvetica, sans-serif;\">Tel.: (02521) 1 50 38<\/span><\/strong><\/span><br \/><span style=\"font-size: 18pt;\"><strong><span style=\"font-family: arial, helvetica, sans-serif;\">e-mail: &#105;&#x6e;&#102;&#x6f;&#64;&#x73;&#103;&#x2d;&#110;&#x65;&#117;&#x62;&#101;&#x63;&#107;&#x75;&#109;&#x2e;&#100;&#x65;<\/span><\/strong><\/span><\/p>\r\n<p><strong><span style=\"font-family: arial, helvetica, sans-serif; font-size: 14pt;\">\r\n\r\n<\/span><\/strong><\/p>\r\n","protected":false},"excerpt":{"rendered":"<p>Unser Schie\u00dfstand befindet sich im Sportzentrum Harberg, Nienk\u00e4mpe 9, *) und ist ge\u00f6ffnet:Dienstag und Freitag von 18.00 &#8211; 22.00 UhrSonntags nach Absprache W\u00e4hrend der Trainingszeiten sind wir auf dem Stand erreichbar unter Telefon (02525) 76 74 *) Den Anfahrtsweg entnehmen Sie bitte der Wegbeschreibung Unsere Vereinsadresse lautet: Schie\u00dfgesellschaft Neubeckum 1961 e.V.Sperberstr. 24aD-59269 Beckum-Neubeckum Tel.: (02521) &#8230; <a title=\"Kontakt\" class=\"read-more\" href=\"https:\/\/sg-neubeckum.de\/?page_id=29\" aria-label=\"Mehr Informationen \u00fcber Kontakt\">Weiterlesen &#8230;<\/a><\/p>\n","protected":false},"author":3,"featured_media":0,"parent":0,"menu_order":0,"comment_status":"closed","ping_status":"closed","template":"","meta":{"_bbp_topic_count":0,"_bbp_reply_count":0,"_bbp_total_topic_count":0,"_bbp_total_reply_count":0,"_bbp_voice_count":0,"_bbp_anonymous_reply_count":0,"_bbp_topic_count_hidden":0,"_bbp_reply_count_hidden":0,"_bbp_forum_subforum_count":0,"footnotes":""},"class_list":["post-29","page","type-page","status-publish"],"_links":{"self":[{"href":"https:\/\/sg-neubeckum.de\/index.php?rest_route=\/wp\/v2\/pages\/29","targetHints":{"allow":["GET"]}}],"collection":[{"href":"https:\/\/sg-neubeckum.de\/index.php?rest_route=\/wp\/v2\/pages"}],"about":[{"href":"https:\/\/sg-neubeckum.de\/index.php?rest_route=\/wp\/v2\/types\/page"}],"author":[{"embeddable":true,"href":"https:\/\/sg-neubeckum.de\/index.php?rest_route=\/wp\/v2\/users\/3"}],"replies":[{"embeddable":true,"href":"https:\/\/sg-neubeckum.de\/index.php?rest_route=%2Fwp%2Fv2%2Fcomments&post=29"}],"version-history":[{"count":8,"href":"https:\/\/sg-neubeckum.de\/index.php?rest_route=\/wp\/v2\/pages\/29\/revisions"}],"predecessor-version":[{"id":1171,"href":"https:\/\/sg-neubeckum.de\/index.php?rest_route=\/wp\/v2\/pages\/29\/revisions\/1171"}],"wp:attachment":[{"href":"https:\/\/sg-neubeckum.de\/index.php?rest_route=%2Fwp%2Fv2%2Fmedia&parent=29"}],"curies":[{"name":"wp","href":"https:\/\/api.w.org\/{rel}","templated":true}]}}