{"id":357,"date":"2022-04-07T18:34:14","date_gmt":"2022-04-07T18:34:14","guid":{"rendered":"http:\/\/sgn.sg-neubeckum.de\/?page_id=357"},"modified":"2022-04-15T18:22:01","modified_gmt":"2022-04-15T18:22:01","slug":"datenschutz","status":"publish","type":"page","link":"https:\/\/sg-neubeckum.de\/?page_id=357","title":{"rendered":"Datenschutz"},"content":{"rendered":"<p><span style=\"font-family: arial, helvetica, sans-serif;\"><\/span><\/p>\r\n<p style=\"text-align: justify;\"><span style=\"text-decoration: underline;\"><strong><span style=\"font-family: arial, helvetica, sans-serif;\"><span style=\"font-size: 24pt;\">Datenschutzerkl\u00e4rung<\/span><br \/><\/span><\/strong><\/span><\/p>\r\n<p style=\"text-align: justify;\"><span style=\"font-family: arial, helvetica, sans-serif;\">\r\n\r\n<\/span><\/p>\r\n<p style=\"text-align: justify;\"><span style=\"font-family: arial, helvetica, sans-serif; font-size: 14pt;\">Betreiber dieser Webseite ist die Schie\u00dfgesellschaft Neubeckum 1961\u00a0 e.V., n\u00e4heres zum Betreiber und Angaben gem\u00e4\u00df \u00a7 5 TMG entnehmen Sie bitte dem <a href=\"https:\/\/sg-neubeckum.de\/?page_id=66\">Impressum<\/a>.<\/span><br \/><span style=\"font-family: arial, helvetica, sans-serif; font-size: 14pt;\">Die Betreiber dieser Seiten nehmen den Schutz Ihrer pers\u00f6nlichen Daten sehr ernst. Wir behandeln Ihre personenbezogenen Daten vertraulich und entsprechend der gesetzlichen Datenschutzvorschriften sowie dieser Datenschutzerkl\u00e4rung.<\/span><br \/><span style=\"font-family: arial, helvetica, sans-serif; font-size: 14pt;\">Die Nutzung unserer Webseite ist in der Regel ohne Angabe personenbezogener Daten m\u00f6glich. Soweit auf unseren Seiten personenbezogene Daten (beispielsweise Name, Anschrift oder E-Mail-Adressen) erhoben werden, erfolgt dies, soweit m\u00f6glich, stets auf freiwilliger Basis. Diese Daten werden ohne Ihre ausdr\u00fcckliche Zustimmung nicht an Dritte weitergegeben.<\/span><br \/><span style=\"font-family: arial, helvetica, sans-serif; font-size: 14pt;\">Wir weisen darauf hin, dass die Daten\u00fcbertragung im Internet (z.B. bei der Kommunikation per E-Mail) Sicherheitsl\u00fccken aufweisen kann. Ein l\u00fcckenloser Schutz der Daten vor dem Zugriff durch Dritte ist nicht m\u00f6glich.<\/span><\/p>\r\n<p style=\"text-align: justify;\"><span style=\"font-family: arial, helvetica, sans-serif; font-size: 14pt;\">\r\n\r\n<\/span><\/p>\r\n<p style=\"text-align: justify;\"><span style=\"font-family: arial, helvetica, sans-serif; font-size: 14pt;\">Hier m\u00f6chten wir euch etwas \u00fcber das Thema Datenschutz aufkl\u00e4ren. Eine zusammen gefasste Datenschutz-Information findet ihr <a href=\"https:\/\/sg-neubeckum.de\/wp-content\/uploads\/2022\/04\/Datenschutzverordnung-der-SG-Neubeckum.pdf\" target=\"_blank\" rel=\"noopener\">hier<\/a> (PDF)<\/span><\/p>\r\n<p style=\"text-align: justify;\"><span style=\"font-family: arial, helvetica, sans-serif;\">\r\n\r\n<\/span><\/p>\r\n<p style=\"text-align: justify;\"><span style=\"text-decoration: underline; font-size: 24pt;\"><strong><span style=\"font-family: arial, helvetica, sans-serif;\">Cookies<\/span><\/strong><\/span><\/p>\r\n<p style=\"text-align: justify;\"><span style=\"font-family: arial, helvetica, sans-serif;\">\r\n\r\n<\/span><\/p>\r\n<p style=\"text-align: justify;\"><span style=\"font-family: arial, helvetica, sans-serif; font-size: 14pt;\">Die Internetseiten verwenden teilweise so genannte Cookies. Cookies richten auf Ihrem Rechner keinen Schaden an und enthalten keine Viren. Cookies dienen dazu, unser Angebot nutzerfreundlicher, effektiver und sicherer zu machen. Cookies sind kleine Textdateien, die auf Ihrem Rechner abgelegt werden und die Ihr Browser speichert.<\/span><\/p>\r\n<p style=\"text-align: justify;\"><span style=\"font-family: arial, helvetica, sans-serif; font-size: 14pt;\">\r\n\r\n<\/span><\/p>\r\n<p style=\"text-align: justify;\"><span style=\"font-family: arial, helvetica, sans-serif; font-size: 14pt;\">Die meisten der von uns verwendeten Cookies sind so genannte \u201eSession-Cookies\u201c. Sie werden nach Ende Ihres Besuchs automatisch gel\u00f6scht. Andere Cookies bleiben auf Ihrem Endger\u00e4t gespeichert, bis Sie diese l\u00f6schen. Diese Cookies erm\u00f6glichen es uns, Ihren Browser beim n\u00e4chsten Besuch wiederzuerkennen.<\/span><br \/><span style=\"font-family: arial, helvetica, sans-serif; font-size: 14pt;\">Sie k\u00f6nnen Ihren Browser so einstellen, dass Sie \u00fcber das Setzen von Cookies informiert werden und Cookies nur im Einzelfall erlauben, die Annahme von Cookies f\u00fcr bestimmte F\u00e4lle oder generell ausschlie\u00dfen sowie das automatische L\u00f6schen der Cookies beim Schlie\u00dfen des Browser aktivieren. Bei der Deaktivierung von Cookies kann die Funktionalit\u00e4t dieser Website eingeschr\u00e4nkt sein.<\/span><\/p>\r\n<p style=\"text-align: justify;\"><span style=\"font-family: arial, helvetica, sans-serif;\">\r\n\r\n<\/span><\/p>\r\n<p style=\"text-align: justify;\"><span style=\"text-decoration: underline; font-size: 24pt;\"><strong><span style=\"font-family: arial, helvetica, sans-serif;\">Server-Log-Files<\/span><\/strong><\/span><\/p>\r\n<p style=\"text-align: justify;\"><span style=\"font-family: arial, helvetica, sans-serif;\">\r\n\r\n<\/span><\/p>\r\n<p style=\"text-align: justify;\"><span style=\"font-family: arial, helvetica, sans-serif; font-size: 14pt;\">Der Provider (Strato AG) der Seiten erhebt und speichert automatisch Informationen in so genannten Server-Log Files, die Ihr Browser automatisch an uns \u00fcbermittelt. Dies sind:<\/span><br \/><span style=\"font-family: arial, helvetica, sans-serif; font-size: 14pt;\">\u2022 Browsertyp und Browserversion<\/span><br \/><span style=\"font-family: arial, helvetica, sans-serif; font-size: 14pt;\">\u2022 verwendetes Betriebssystem<\/span><br \/><span style=\"font-family: arial, helvetica, sans-serif; font-size: 14pt;\">\u2022 Referrer URL<\/span><br \/><span style=\"font-family: arial, helvetica, sans-serif; font-size: 14pt;\">\u2022 Hostname des zugreifenden Rechners<\/span><br \/><span style=\"font-family: arial, helvetica, sans-serif; font-size: 14pt;\">\u2022 Uhrzeit der Serveranfrage<\/span><\/p>\r\n<p style=\"text-align: justify;\"><span style=\"font-family: arial, helvetica, sans-serif; font-size: 14pt;\">\r\n\r\n<\/span><\/p>\r\n<p style=\"text-align: justify;\"><span style=\"font-family: arial, helvetica, sans-serif; font-size: 14pt;\">Diese Daten sind nicht bestimmten Personen zuordenbar. Srato speichert Server-Log-Files nur f\u00fcr den Zeitraum, der zur Erreichung des Speicherungszwecks erforderlich ist oder sofern dies gesetzlich vorgeschrieben wurde. Eine Zusammenf\u00fchrung dieser Daten mit anderen Datenquellen wird nicht vorgenommen. Wir behalten uns vor, diese Daten nachtr\u00e4glich zu pr\u00fcfen, wenn uns konkrete Anhaltspunkte f\u00fcr eine rechtswidrige Nutzung bekannt werden.<\/span><\/p>\r\n<p style=\"text-align: justify;\"><span style=\"font-family: arial, helvetica, sans-serif; font-size: 14pt;\">\r\n\r\n<\/span><\/p>\r\n<p style=\"text-align: justify;\"><span style=\"font-family: arial, helvetica, sans-serif; font-size: 14pt;\">Die Datenschutzhinweise der Strato AG findet ihr unter <a href=\"https:\/\/www.strato.de\/datenschutz\/\" target=\"_blank\" rel=\"noreferrer noopener\">https:\/\/www.strato.de\/datenschutz\/<\/a><\/span><\/p>\r\n<p style=\"text-align: justify;\"><span style=\"font-family: arial, helvetica, sans-serif; font-size: 14pt;\">\r\n\r\n<\/span><\/p>\r\n<p style=\"text-align: justify;\"><span style=\"font-size: 24pt;\"><strong><span style=\"text-decoration: underline; font-family: arial, helvetica, sans-serif;\">Datenschutzerkl\u00e4rung f\u00fcr die Nutzung von Google Web Fonts<\/span><\/strong><\/span><\/p>\r\n<p style=\"text-align: justify;\"><span style=\"font-family: arial, helvetica, sans-serif; font-size: 14pt;\">\r\n\r\n<\/span><\/p>\r\n<p style=\"text-align: justify;\"><span style=\"font-family: arial, helvetica, sans-serif; font-size: 14pt;\">Wir setzen auf unserer Seite &#8222;Google Web Fonts&#8220; der Firma Google Inc., 1600 Amphitheatre Parkway, Mountain View, CA 94043 USA, nachfolgend \u201eGoogle\u201c, zur Darstellung von Schriften ein.<\/span><br \/><span style=\"font-family: arial, helvetica, sans-serif; font-size: 14pt;\">Dadurch gew\u00e4hrleisten wir schnellere Ladezeiten und ein einheitliches Schriftbild auf allen verwendeten Ger\u00e4ten und Browsern. Google Web Fonts werden beim Besuch unserer Seite von einem externen Google Server aus den USA geladen. Dabei werden Daten wie beispielsweise Ihr verwendeter Browser und Ihre IP Adresse und welche unserer Webseiten Sie aufgerufen haben an Google \u00fcbertragen.<\/span><br \/><span style=\"font-family: arial, helvetica, sans-serif; font-size: 14pt;\">Weitere Informationen zum Datenschutz von Google und der Verwendung der erhobenen Daten durch Google finden Sie hier:<\/span><br \/><span style=\"font-family: arial, helvetica, sans-serif; font-size: 14pt;\"><a href=\"https:\/\/www.google.com\/policies\/privacy\/\">https:\/\/www.google.com\/policies\/privacy\/<\/a><\/span><\/p>\r\n<p style=\"text-align: justify;\"><span style=\"font-family: arial, helvetica, sans-serif; font-size: 14pt;\">\r\n\r\n<\/span><\/p>\r\n<p style=\"text-align: justify;\"><span style=\"text-decoration: underline; font-size: 24pt;\"><strong><span style=\"font-family: arial, helvetica, sans-serif;\">Datenschutzerkl\u00e4rung f\u00fcr die Nutzung von Google Content Delivery Network (CDN)<\/span><\/strong><\/span><\/p>\r\n<p style=\"text-align: justify;\"><span style=\"font-family: arial, helvetica, sans-serif; font-size: 14pt;\">\r\n\r\n<\/span><\/p>\r\n<p style=\"text-align: justify;\"><span style=\"font-family: arial, helvetica, sans-serif; font-size: 14pt;\">Wir setzen auf unserer Seite die Technologien Ajax und jQuery ein. Dadurch gew\u00e4hrleisten wir schnellere Ladezeite unserer Webseite und dynamisches Nachladen der Inhalte. Die entsprechenden Programmierbibliotheken werden aus dem Content Delivery Network (CDN) der Firma Google Inc., 1600 Amphitheatre Parkway, Mountain View, CA 94043 USA, nachfolgend \u201eGoogle\u201c, benutzt.<\/span><br \/><span style=\"font-family: arial, helvetica, sans-serif; font-size: 14pt;\">Die Technologien Ajax und jQuery aus dem Google CDN liegen schon im Cache Ihres Broswers, wenn Sie bereits eine andere Webseite besucht haben, die auf das Google CDN zur\u00fcckgreift. In diesem Fall greift unsere Webseite auf die Programmierbibliotheken in Ihrem Cache zur\u00fcck. Sollte dies nicht der Fall sein, dann werden die Technologien Ajax und jQuery aus dem Google CDN in den Cache Ihres Broswers geladen, indem ein externer Google Server in den USA aufgerufen wird. Dabei werden Daten wie beispielsweise Ihr verwendeter Browser und Ihre IP Adresse und welche unserer Webseiten Sie aufgerufen haben an Google \u00fcbertragen.<\/span><br \/><span style=\"font-family: arial, helvetica, sans-serif; font-size: 14pt;\">Weitere Informationen zum Datenschutz von Google und der Verwendung der erhobenen Daten durch Google finden Sie hier:<\/span><br \/><span style=\"font-family: arial, helvetica, sans-serif; font-size: 14pt;\"><a href=\"https:\/\/www.google.com\/policies\/privacy\/\">https:\/\/www.google.com\/policies\/privacy\/<\/a><\/span><\/p>\r\n<p style=\"text-align: justify;\"><span style=\"font-family: arial, helvetica, sans-serif; font-size: 14pt;\">\r\n\r\n<\/span><\/p>\r\n<p style=\"text-align: justify;\"><span style=\"text-decoration: underline; font-size: 24pt;\"><strong><span style=\"font-family: arial, helvetica, sans-serif;\">Auskunft, L\u00f6schung, Sperrung<\/span><\/strong><\/span><\/p>\r\n<p style=\"text-align: justify;\"><span style=\"font-family: arial, helvetica, sans-serif; font-size: 14pt;\">\r\n\r\n<\/span><\/p>\r\n<p style=\"text-align: justify;\"><span style=\"font-family: arial, helvetica, sans-serif; font-size: 14pt;\">Sie haben jederzeit das Recht auf unentgeltliche Auskunft \u00fcber Ihre gespeicherten personenbezogenen Daten, deren Herkunft und Empf\u00e4nger und den Zweck der Datenverarbeitung sowie ein Recht auf Berichtigung, Sperrung oder L\u00f6schung dieser Daten. Hierzu sowie zu weiteren Fragen zum Thema personenbezogene Daten k\u00f6nnen Sie sich jederzeit unter der im Impressum angegebenen Adresse an uns wenden.<\/span><\/p>\r\n<p style=\"text-align: justify;\"><span style=\"font-family: arial, helvetica, sans-serif; font-size: 14pt;\">\r\n\r\n<\/span><\/p>\r\n<p style=\"text-align: justify;\"><span style=\"text-decoration: underline; font-size: 24pt;\"><strong><span style=\"font-family: arial, helvetica, sans-serif;\">Widerspruch Werbe-Mails<\/span><\/strong><\/span><\/p>\r\n<p style=\"text-align: justify;\"><span style=\"font-family: arial, helvetica, sans-serif; font-size: 14pt;\">\r\n\r\n<\/span><\/p>\r\n<p style=\"text-align: justify;\"><span style=\"font-family: arial, helvetica, sans-serif; font-size: 14pt;\">Der Nutzung von im Rahmen der Impressumspflicht ver\u00f6ffentlichten Kontaktdaten zur \u00dcbersendung von nicht ausdr\u00fccklich angeforderter Werbung und Informationsmaterialien wird hiermit widersprochen. Die Betreiber der Seiten behalten sich ausdr\u00fccklich rechtliche Schritte im Falle der unverlangten Zusendung von Werbeinformationen, etwa durch Spam-E-Mails, vor.<\/span><\/p>\r\n<p style=\"text-align: justify;\"><span style=\"font-family: arial, helvetica, sans-serif; font-size: 14pt;\">\r\n\r\n<\/span><\/p>\r\n<p style=\"text-align: justify;\"><span style=\"text-decoration: underline; font-size: 24pt;\"><strong><span style=\"font-family: arial, helvetica, sans-serif;\">Quellenangabe:<\/span><\/strong><\/span><\/p>\r\n<p style=\"text-align: justify;\"><span style=\"font-family: arial, helvetica, sans-serif; font-size: 14pt;\">\r\n\r\n<\/span><\/p>\r\n<p style=\"text-align: justify;\"><span style=\"font-family: arial, helvetica, sans-serif; font-size: 14pt;\"><a href=\"https:\/\/www.e-recht24.de\">https:\/\/www.e-recht24.de<\/a><\/span><br \/><span style=\"font-family: arial, helvetica, sans-serif; font-size: 14pt;\"><a href=\"https:\/\/www.ratgeberrecht.eu\/leistungen\/muster-datenschutzerklaerung.html\">https:\/\/www.ratgeberrecht.eu\/leistungen\/muster-datenschutzerklaerung.html<\/a> der Anwaltskanzlei Wei\u00df &amp; Partner<\/span><\/p>\r\n<p><span style=\"font-family: arial, helvetica, sans-serif;\"><\/span><\/p>","protected":false},"excerpt":{"rendered":"<p>Datenschutzerkl\u00e4rung Betreiber dieser Webseite ist die Schie\u00dfgesellschaft Neubeckum 1961\u00a0 e.V., n\u00e4heres zum Betreiber und Angaben gem\u00e4\u00df \u00a7 5 TMG entnehmen Sie bitte dem Impressum.Die Betreiber dieser Seiten nehmen den Schutz Ihrer pers\u00f6nlichen Daten sehr ernst. Wir behandeln Ihre personenbezogenen Daten vertraulich und entsprechend der gesetzlichen Datenschutzvorschriften sowie dieser Datenschutzerkl\u00e4rung.Die Nutzung unserer Webseite ist in der &#8230; <a title=\"Datenschutz\" class=\"read-more\" href=\"https:\/\/sg-neubeckum.de\/?page_id=357\" aria-label=\"Mehr Informationen \u00fcber Datenschutz\">Weiterlesen &#8230;<\/a><\/p>\n","protected":false},"author":3,"featured_media":0,"parent":0,"menu_order":0,"comment_status":"closed","ping_status":"closed","template":"","meta":{"_bbp_topic_count":0,"_bbp_reply_count":0,"_bbp_total_topic_count":0,"_bbp_total_reply_count":0,"_bbp_voice_count":0,"_bbp_anonymous_reply_count":0,"_bbp_topic_count_hidden":0,"_bbp_reply_count_hidden":0,"_bbp_forum_subforum_count":0,"footnotes":""},"class_list":["post-357","page","type-page","status-publish"],"_links":{"self":[{"href":"https:\/\/sg-neubeckum.de\/index.php?rest_route=\/wp\/v2\/pages\/357","targetHints":{"allow":["GET"]}}],"collection":[{"href":"https:\/\/sg-neubeckum.de\/index.php?rest_route=\/wp\/v2\/pages"}],"about":[{"href":"https:\/\/sg-neubeckum.de\/index.php?rest_route=\/wp\/v2\/types\/page"}],"author":[{"embeddable":true,"href":"https:\/\/sg-neubeckum.de\/index.php?rest_route=\/wp\/v2\/users\/3"}],"replies":[{"embeddable":true,"href":"https:\/\/sg-neubeckum.de\/index.php?rest_route=%2Fwp%2Fv2%2Fcomments&post=357"}],"version-history":[{"count":7,"href":"https:\/\/sg-neubeckum.de\/index.php?rest_route=\/wp\/v2\/pages\/357\/revisions"}],"predecessor-version":[{"id":606,"href":"https:\/\/sg-neubeckum.de\/index.php?rest_route=\/wp\/v2\/pages\/357\/revisions\/606"}],"wp:attachment":[{"href":"https:\/\/sg-neubeckum.de\/index.php?rest_route=%2Fwp%2Fv2%2Fmedia&parent=357"}],"curies":[{"name":"wp","href":"https:\/\/api.w.org\/{rel}","templated":true}]}}