{"id":415,"date":"2022-04-13T15:51:04","date_gmt":"2022-04-13T15:51:04","guid":{"rendered":"http:\/\/sgn.sg-neubeckum.de\/?page_id=415"},"modified":"2023-01-13T10:22:51","modified_gmt":"2023-01-13T10:22:51","slug":"luftpistole","status":"publish","type":"page","link":"https:\/\/sg-neubeckum.de\/?page_id=415","title":{"rendered":"Luftpistole"},"content":{"rendered":"<p style=\"text-align: justify;\"><strong><span style=\"font-family: arial, helvetica, sans-serif; font-size: 14pt;\">Luftpistolen sind Waffen, die im Sinne des Waffengesetzes sogenannte erwerbsfreie Waffen sind, d.h. die ab dem Alter von 18 Jahren frei verk\u00e4uflich sind. Diese Waffen haben ein Kaliber von 4,5 mm und sind in der Regel Einzellader. Die Schu\u00dfenergie liegt unterhalb von 7,5 Joul.<\/span><\/strong><\/p>\n<p style=\"text-align: justify;\"><strong><span style=\"font-family: arial, helvetica, sans-serif; font-size: 14pt;\">Es gibt drei Hauptgattungen der Luftpistolen:<\/span><\/strong><\/p>\n<p style=\"text-align: justify;\"><strong><span style=\"font-family: arial, helvetica, sans-serif; font-size: 14pt;\">1. Die Federdruckpistolen. <\/span><\/strong><\/p>\n<p style=\"text-align: justify;\"><strong><span style=\"font-family: arial, helvetica, sans-serif; font-size: 14pt;\">Hier wird \u00fcber einen seitlich am Lauf oder unterhalb der Waffe angebrachten Spannhebel \u00fcber eine Mechanik Luft f\u00fcr den einzelnen Schu\u00df entweder vorkomprimiert und bereitgestellt und beim Ausl\u00f6sen des Schu\u00dfes freigesetzt.<\/span><\/strong><\/p>\n<p style=\"text-align: justify;\"><strong><span style=\"font-family: arial, helvetica, sans-serif; font-size: 14pt;\">2. Die CO2-Luftpistolen. <\/span><\/strong><\/p>\n<p style=\"text-align: justify;\"><strong><span style=\"font-family: arial, helvetica, sans-serif; font-size: 14pt;\">Hier wird in einer unter dem Lauf angebrachten Kartusche CO2-Gas (Kohlens\u00e4ure) bereitgestellt. F\u00fcr jeden einzelnen Schu\u00df wird dann ein Teil dieses Gases in einer Vorkammer zum Abschu\u00df bereitgestellt.<\/span><\/strong><\/p>\n<p style=\"text-align: justify;\"><strong><span style=\"font-family: arial, helvetica, sans-serif; font-size: 14pt;\">3. Die Pressluftpistolen. <\/span><\/strong><\/p>\n<p style=\"text-align: justify;\"><strong><span style=\"font-family: arial, helvetica, sans-serif; font-size: 14pt;\">Hier wird in einer unter dem Lauf angebrachten Kartusche Luft mit einem Druck von 200 bar bereitgestellt. F\u00fcr jeden einzelnen Schu\u00df wird dann ca. 1 bar Pressluft in einer Vorkammer zum Abschu\u00df freigesetzt.<\/span><\/strong><\/p>\n<p style=\"text-align: center;\"><span style=\"text-decoration: underline; font-family: arial, helvetica, sans-serif; font-size: 14pt;\"><strong>Waffenbeispiele:<\/strong><\/span><\/p>\n<p style=\"text-align: center;\"><span style=\"font-family: arial, helvetica, sans-serif; font-size: 14pt;\"><strong>Kategorie: Federdruckpistolen mit Seitenspannhebel <\/strong><\/span><\/p>\n<p><img loading=\"lazy\" decoding=\"async\" class=\"size-full wp-image-418 aligncenter\" src=\"https:\/\/sg-neubeckum.de\/wp-content\/uploads\/2022\/04\/FWBLP_Mod65.jpg\" alt=\"\" width=\"259\" height=\"194\" \/><\/p>\n<p style=\"text-align: center;\"><span style=\"font-family: arial, helvetica, sans-serif; font-size: 14pt;\"><strong>Feinwerkbau Modell 65<\/strong><\/span><\/p>\n<p style=\"text-align: center;\"><span style=\"font-family: arial, helvetica, sans-serif; font-size: 14pt;\"><strong>Kategorie: Federdruckpistole mit Unterspannhebel<\/strong><\/span><\/p>\n<p><img loading=\"lazy\" decoding=\"async\" class=\"size-medium wp-image-264 aligncenter\" src=\"https:\/\/sg-neubeckum.de\/wp-content\/uploads\/2022\/02\/FWBLP103-300x159.jpg\" alt=\"\" width=\"300\" height=\"159\" srcset=\"https:\/\/sg-neubeckum.de\/wp-content\/uploads\/2022\/02\/FWBLP103-300x159.jpg 300w, https:\/\/sg-neubeckum.de\/wp-content\/uploads\/2022\/02\/FWBLP103.jpg 350w\" sizes=\"auto, (max-width: 300px) 100vw, 300px\" \/><\/p>\n<p style=\"text-align: center;\"><span style=\"font-family: arial, helvetica, sans-serif; font-size: 14pt;\"><strong>Feinwerkbau Modell 103<\/strong><\/span><\/p>\n<p>&nbsp;<\/p>\n<p style=\"text-align: center;\"><span style=\"font-family: arial, helvetica, sans-serif; font-size: 14pt;\"><strong>Kategorie: CO2-Pistole<\/strong><\/span><\/p>\n<p><img loading=\"lazy\" decoding=\"async\" class=\"alignnone size-medium wp-image-416 aligncenter\" src=\"https:\/\/sg-neubeckum.de\/wp-content\/uploads\/2022\/04\/Steyr_LP1-300x117.jpg\" alt=\"\" width=\"300\" height=\"117\" srcset=\"https:\/\/sg-neubeckum.de\/wp-content\/uploads\/2022\/04\/Steyr_LP1-300x117.jpg 300w, https:\/\/sg-neubeckum.de\/wp-content\/uploads\/2022\/04\/Steyr_LP1.jpg 450w\" sizes=\"auto, (max-width: 300px) 100vw, 300px\" \/><\/p>\n<p style=\"text-align: center;\"><span style=\"font-family: arial, helvetica, sans-serif; font-size: 14pt;\"><strong>Steyr LP1 <\/strong><\/span><\/p>\n<p style=\"text-align: center;\"><span style=\"font-family: arial, helvetica, sans-serif; font-size: 14pt;\">\u00a0<\/span><\/p>\n<p style=\"text-align: center;\"><span style=\"font-family: arial, helvetica, sans-serif; font-size: 14pt;\"><strong>Kategorie: Pressluft<\/strong><\/span><\/p>\n<p><img loading=\"lazy\" decoding=\"async\" class=\"alignnone size-medium wp-image-263 aligncenter\" src=\"https:\/\/sg-neubeckum.de\/wp-content\/uploads\/2022\/02\/FWBLP34-300x139.jpg\" alt=\"\" width=\"300\" height=\"139\" srcset=\"https:\/\/sg-neubeckum.de\/wp-content\/uploads\/2022\/02\/FWBLP34-300x139.jpg 300w, https:\/\/sg-neubeckum.de\/wp-content\/uploads\/2022\/02\/FWBLP34.jpg 350w\" sizes=\"auto, (max-width: 300px) 100vw, 300px\" \/><\/p>\n<p style=\"text-align: center;\"><strong>Feinwerkbau Modell P34<\/strong><\/p>\n","protected":false},"excerpt":{"rendered":"<p>Luftpistolen sind Waffen, die im Sinne des Waffengesetzes sogenannte erwerbsfreie Waffen sind, d.h. die ab dem Alter von 18 Jahren frei verk\u00e4uflich sind. Diese Waffen haben ein Kaliber von 4,5 mm und sind in der Regel Einzellader. Die Schu\u00dfenergie liegt unterhalb von 7,5 Joul. Es gibt drei Hauptgattungen der Luftpistolen: 1. Die Federdruckpistolen. Hier wird &#8230; <a title=\"Luftpistole\" class=\"read-more\" href=\"https:\/\/sg-neubeckum.de\/?page_id=415\" aria-label=\"Mehr Informationen \u00fcber Luftpistole\">Weiterlesen &#8230;<\/a><\/p>\n","protected":false},"author":3,"featured_media":0,"parent":0,"menu_order":0,"comment_status":"closed","ping_status":"closed","template":"","meta":{"_bbp_topic_count":0,"_bbp_reply_count":0,"_bbp_total_topic_count":0,"_bbp_total_reply_count":0,"_bbp_voice_count":0,"_bbp_anonymous_reply_count":0,"_bbp_topic_count_hidden":0,"_bbp_reply_count_hidden":0,"_bbp_forum_subforum_count":0,"footnotes":""},"class_list":["post-415","page","type-page","status-publish"],"_links":{"self":[{"href":"https:\/\/sg-neubeckum.de\/index.php?rest_route=\/wp\/v2\/pages\/415","targetHints":{"allow":["GET"]}}],"collection":[{"href":"https:\/\/sg-neubeckum.de\/index.php?rest_route=\/wp\/v2\/pages"}],"about":[{"href":"https:\/\/sg-neubeckum.de\/index.php?rest_route=\/wp\/v2\/types\/page"}],"author":[{"embeddable":true,"href":"https:\/\/sg-neubeckum.de\/index.php?rest_route=\/wp\/v2\/users\/3"}],"replies":[{"embeddable":true,"href":"https:\/\/sg-neubeckum.de\/index.php?rest_route=%2Fwp%2Fv2%2Fcomments&post=415"}],"version-history":[{"count":8,"href":"https:\/\/sg-neubeckum.de\/index.php?rest_route=\/wp\/v2\/pages\/415\/revisions"}],"predecessor-version":[{"id":840,"href":"https:\/\/sg-neubeckum.de\/index.php?rest_route=\/wp\/v2\/pages\/415\/revisions\/840"}],"wp:attachment":[{"href":"https:\/\/sg-neubeckum.de\/index.php?rest_route=%2Fwp%2Fv2%2Fmedia&parent=415"}],"curies":[{"name":"wp","href":"https:\/\/api.w.org\/{rel}","templated":true}]}}