{"id":435,"date":"2022-04-13T15:59:01","date_gmt":"2022-04-13T15:59:01","guid":{"rendered":"http:\/\/sgn.sg-neubeckum.de\/?page_id=435"},"modified":"2023-01-13T10:26:27","modified_gmt":"2023-01-13T10:26:27","slug":"zentralfeuerpistole","status":"publish","type":"page","link":"https:\/\/sg-neubeckum.de\/?page_id=435","title":{"rendered":"Zentralfeuerpistole"},"content":{"rendered":"<p style=\"text-align: justify;\"><strong><span style=\"font-family: arial, helvetica, sans-serif; font-size: 14pt;\">Mit Zentralfeuerwaffen werden gro\u00dfkalibrige Sportpistolen (ab Kal. 32) bezeichnet.Im Sinne des Waffengesetzes sind es Feuerwaffen, f\u00fcr die eine Erwerbsberechtigung (ab 18 Jahre) erforderlich ist. Dieses ist im allgemeinen die Waffenbesitzkarte, kurz WBK genannt. G\u00e4ngige Kaliber sind bei diesen Waffem (f\u00fcr das sportliche Schie\u00dfen) die Kaliber 32, 38 (= 9 mm), 44, 45 und 357. Die Schu\u00dfenergie liegt dabei je nach Kalibergr\u00f6\u00dfe zwischen 200 und 1600 Joul.<\/span><\/strong><\/p>\n<p style=\"text-align: justify;\"><strong><span style=\"font-family: arial, helvetica, sans-serif; font-size: 14pt;\">Es gibt zwei Hauptgattungen der Zentralfeuerwaffen:<\/span><\/strong><\/p>\n<p style=\"text-align: justify;\"><strong><span style=\"font-family: arial, helvetica, sans-serif; font-size: 14pt;\">1. Die Pistolen. Bei diesen Waffen ist in der Waffe ein sogeanntes Stabmagazin enthalten, in dem die Patronen \u00fcbereinander zum Abfeuern bereitsgestellt werden.<\/span><\/strong><\/p>\n<p style=\"text-align: justify;\"><strong><span style=\"font-family: arial, helvetica, sans-serif; font-size: 14pt;\">2. Die Revolver. Bei diesen Waffen ist in der Waffe ein sogeanntes Rundmagazin enthalten, in dem die Patronen kreisf\u00f6rmig zum Abfeuern bereitsgestellt werden. <\/span><\/strong><\/p>\n<p style=\"text-align: center;\"><strong><span style=\"font-family: arial, helvetica, sans-serif; font-size: 14pt;\">Waffenbeispiele:<\/span><\/strong><\/p>\n<p style=\"text-align: center;\"><strong><span style=\"font-family: arial, helvetica, sans-serif; font-size: 14pt;\">Kategorie: Pistole<\/span><\/strong>\u00a0<img loading=\"lazy\" decoding=\"async\" class=\"size-medium wp-image-497 aligncenter\" src=\"https:\/\/sg-neubeckum.de\/wp-content\/uploads\/2022\/04\/Sig-P-210-5-LS-300x190.jpg\" alt=\"\" width=\"300\" height=\"190\" srcset=\"https:\/\/sg-neubeckum.de\/wp-content\/uploads\/2022\/04\/Sig-P-210-5-LS-300x190.jpg 300w, https:\/\/sg-neubeckum.de\/wp-content\/uploads\/2022\/04\/Sig-P-210-5-LS.jpg 350w\" sizes=\"auto, (max-width: 300px) 100vw, 300px\" \/><\/p>\n<p style=\"text-align: center;\"><strong><span style=\"font-family: arial, helvetica, sans-serif; font-size: 14pt;\">SIG P 210-5 LS Kal. 9 mm Para<\/span><\/strong><\/p>\n<p>&nbsp;<\/p>\n<p style=\"text-align: center;\"><span style=\"font-family: arial, helvetica, sans-serif; font-size: 14pt;\"><strong>Kategorie: Revolver<\/strong><\/span><img loading=\"lazy\" decoding=\"async\" class=\"size-medium wp-image-496 aligncenter\" src=\"https:\/\/sg-neubeckum.de\/wp-content\/uploads\/2022\/04\/SW_357Mag-300x181.jpg\" alt=\"\" width=\"300\" height=\"181\" srcset=\"https:\/\/sg-neubeckum.de\/wp-content\/uploads\/2022\/04\/SW_357Mag-300x181.jpg 300w, https:\/\/sg-neubeckum.de\/wp-content\/uploads\/2022\/04\/SW_357Mag.jpg 350w\" sizes=\"auto, (max-width: 300px) 100vw, 300px\" \/><\/p>\n<p style=\"text-align: center;\"><span style=\"font-family: arial, helvetica, sans-serif; font-size: 14pt;\"><strong>Smith &amp; Wessen Kal. 357 Mgnum<\/strong><\/span><\/p>\n<p><strong><span style=\"font-family: arial, helvetica, sans-serif; font-size: 14pt;\">.<\/span><\/strong><\/p>\n<p>&nbsp;<\/p>\n","protected":false},"excerpt":{"rendered":"<p>Mit Zentralfeuerwaffen werden gro\u00dfkalibrige Sportpistolen (ab Kal. 32) bezeichnet.Im Sinne des Waffengesetzes sind es Feuerwaffen, f\u00fcr die eine Erwerbsberechtigung (ab 18 Jahre) erforderlich ist. Dieses ist im allgemeinen die Waffenbesitzkarte, kurz WBK genannt. G\u00e4ngige Kaliber sind bei diesen Waffem (f\u00fcr das sportliche Schie\u00dfen) die Kaliber 32, 38 (= 9 mm), 44, 45 und 357. Die &#8230; <a title=\"Zentralfeuerpistole\" class=\"read-more\" href=\"https:\/\/sg-neubeckum.de\/?page_id=435\" aria-label=\"Mehr Informationen \u00fcber Zentralfeuerpistole\">Weiterlesen &#8230;<\/a><\/p>\n","protected":false},"author":3,"featured_media":0,"parent":0,"menu_order":0,"comment_status":"closed","ping_status":"closed","template":"","meta":{"_bbp_topic_count":0,"_bbp_reply_count":0,"_bbp_total_topic_count":0,"_bbp_total_reply_count":0,"_bbp_voice_count":0,"_bbp_anonymous_reply_count":0,"_bbp_topic_count_hidden":0,"_bbp_reply_count_hidden":0,"_bbp_forum_subforum_count":0,"footnotes":""},"class_list":["post-435","page","type-page","status-publish"],"_links":{"self":[{"href":"https:\/\/sg-neubeckum.de\/index.php?rest_route=\/wp\/v2\/pages\/435","targetHints":{"allow":["GET"]}}],"collection":[{"href":"https:\/\/sg-neubeckum.de\/index.php?rest_route=\/wp\/v2\/pages"}],"about":[{"href":"https:\/\/sg-neubeckum.de\/index.php?rest_route=\/wp\/v2\/types\/page"}],"author":[{"embeddable":true,"href":"https:\/\/sg-neubeckum.de\/index.php?rest_route=\/wp\/v2\/users\/3"}],"replies":[{"embeddable":true,"href":"https:\/\/sg-neubeckum.de\/index.php?rest_route=%2Fwp%2Fv2%2Fcomments&post=435"}],"version-history":[{"count":6,"href":"https:\/\/sg-neubeckum.de\/index.php?rest_route=\/wp\/v2\/pages\/435\/revisions"}],"predecessor-version":[{"id":842,"href":"https:\/\/sg-neubeckum.de\/index.php?rest_route=\/wp\/v2\/pages\/435\/revisions\/842"}],"wp:attachment":[{"href":"https:\/\/sg-neubeckum.de\/index.php?rest_route=%2Fwp%2Fv2%2Fmedia&parent=435"}],"curies":[{"name":"wp","href":"https:\/\/api.w.org\/{rel}","templated":true}]}}