{"id":61,"date":"2021-08-10T14:26:00","date_gmt":"2021-08-10T14:26:00","guid":{"rendered":"http:\/\/sgn.sg-neubeckum.de\/?page_id=61"},"modified":"2022-06-13T08:48:02","modified_gmt":"2022-06-13T08:48:02","slug":"wegbeschreibung-2","status":"publish","type":"page","link":"https:\/\/sg-neubeckum.de\/?page_id=61","title":{"rendered":"Wegbeschreibung"},"content":{"rendered":"<p><span style=\"font-family: arial, helvetica, sans-serif;\"><\/span><\/p>\r\n<p><span style=\"font-family: arial, helvetica, sans-serif;\"><strong><span style=\"font-size: 14pt;\">Wo liegt Neubeckum ? Neubeckum ist ein Stadtteil der Stadt Beckum, und liegt direkt an der Autobahn A2, mitten im Kreis Warendorf, und ist eingerahmt von den St\u00e4dten Ahlen, Beckum, Ennigerloh und Oelde<\/span><\/strong><\/span><\/p>\r\n<p><span style=\"font-family: arial, helvetica, sans-serif;\">\r\n\r\n<\/span><\/p>\r\n<div class=\"wp-block-image\">\r\n<figure class=\"aligncenter size-full is-resized\"><span style=\"font-family: arial, helvetica, sans-serif;\"><img loading=\"lazy\" decoding=\"async\" class=\"wp-image-146\" src=\"http:\/\/sgn.sg-neubeckum.de\/wp-content\/uploads\/2021\/09\/Neubeckum_2.jpg\" alt=\"\" width=\"1219\" height=\"725\" srcset=\"https:\/\/sg-neubeckum.de\/wp-content\/uploads\/2021\/09\/Neubeckum_2.jpg 676w, https:\/\/sg-neubeckum.de\/wp-content\/uploads\/2021\/09\/Neubeckum_2-300x178.jpg 300w\" sizes=\"auto, (max-width: 1219px) 100vw, 1219px\" \/><\/span><\/figure>\r\n<\/div>\r\n<p><span style=\"font-family: arial, helvetica, sans-serif;\">\r\n\r\n<\/span><\/p>\r\n<p>&nbsp;<\/p>\r\n<p><strong><span style=\"font-family: arial, helvetica, sans-serif; font-size: 14pt;\">Sie erreichen uns \u00fcber folgende Routen (siehe Lageplan unten):<\/span><\/strong><\/p>\r\n<p><span style=\"font-family: arial, helvetica, sans-serif;\">\r\n\r\n<\/span><\/p>\r\n<p><span style=\"font-family: arial, helvetica, sans-serif; font-size: 24pt;\"><strong>A) Aus Richtung Beckum bzw. Autobahn A2 kommend:<\/strong><\/span><\/p>\r\n<p><span style=\"font-family: arial, helvetica, sans-serif;\">\r\n\r\n<\/span><\/p>\r\n<p><strong><span style=\"font-family: arial, helvetica, sans-serif; font-size: 14pt;\">a) Autobahnabfahrt Beckum &#8211; Fahrtrichtung Neubeckum<\/span><\/strong><br \/><strong><span style=\"font-family: arial, helvetica, sans-serif; font-size: 14pt;\">b) an der Ampel geradeaus (Dyckerhoff Str.)<\/span><\/strong><br \/><strong><span style=\"font-family: arial, helvetica, sans-serif; font-size: 14pt;\">c) dann abbiegen (H\u00f6he Eternit) auf die Kaiser-Wilhelm-Str. <br \/><\/span><\/strong><\/p>\r\n<p><strong><span style=\"font-family: arial, helvetica, sans-serif; font-size: 14pt;\">d) weiter bis zur n\u00e4chsten Ampel, dann Links in die Bahnhofsstr.<\/span><\/strong><\/p>\r\n<p><strong><span style=\"font-size: 14pt;\"><span style=\"font-family: arial, helvetica, sans-serif;\">\r\n\r\n<\/span><span style=\"font-family: arial, helvetica, sans-serif;\">\r\n\r\n<\/span><\/span><\/strong><\/p>\r\n<p><strong><span style=\"font-family: arial, helvetica, sans-serif; font-size: 14pt;\">e) \u00fcber die n\u00e4chste Ampel dr\u00fcber (Ennigerloher Str.)<\/span><\/strong><br \/><strong><span style=\"font-family: arial, helvetica, sans-serif; font-size: 14pt;\">f ) in der Linkskurve vor der Eisenbahnunterf\u00fchrung rechts in die Graf-Galen-Str.abbiegen<\/span><\/strong><br \/><strong><span style=\"font-family: arial, helvetica, sans-serif; font-size: 14pt;\">g) die Graf-Galen-Str. dann bis zum Ende durchfahren (Am Freibad vorbei)<\/span><\/strong><br \/><strong><span style=\"font-family: arial, helvetica, sans-serif; font-size: 14pt;\">h) dann scharf links abbiegen (der Vorfahrtstr. folgen)<\/span><\/strong><br \/><strong><span style=\"font-family: arial, helvetica, sans-serif; font-size: 14pt;\">i ) kurz vor der n\u00e4chsten Eisenbahnunterf\u00fchrung links in den Paralellweg abbiegen<\/span><\/strong><br \/><strong><span style=\"font-family: arial, helvetica, sans-serif; font-size: 14pt;\">j ) sofort wieder links in die Nienk\u00e4mpe einbiegen hoch zum Parkplatz (links halten)<\/span><\/strong><br \/><strong><span style=\"font-family: arial, helvetica, sans-serif; font-size: 14pt;\">k) vom Parkplatz sind es jetzt noch ca. 50 mtr. Fu\u00dfmarsch bis zum Schie\u00dfstand<\/span><\/strong><\/p>\r\n<p><span style=\"font-family: arial, helvetica, sans-serif;\">\r\n\r\n<\/span><\/p>\r\n<p><span style=\"font-size: 24pt;\"><strong><span style=\"font-family: arial, helvetica, sans-serif;\">B) Aus Richtung Ahlen kommend:<\/span><\/strong><\/span><\/p>\r\n<p><span style=\"font-family: arial, helvetica, sans-serif;\">\r\n\r\n<\/span><\/p>\r\n<p><strong><span style=\"font-family: arial, helvetica, sans-serif; font-size: 14pt;\">Sie fahren bereits auf der Kaiser-Wilhelm-Str., folgen sie der Beschreibung unter A) ab Punkt d)<\/span><\/strong><\/p>\r\n<p><span style=\"font-family: arial, helvetica, sans-serif;\">\r\n\r\n<\/span><\/p>\r\n<p><span style=\"font-size: 24pt;\"><strong><span style=\"font-family: arial, helvetica, sans-serif;\">C) Aus Richung Warendorf\/Ennigerloh kommend:<\/span><\/strong><\/span><\/p>\r\n<p><span style=\"font-family: arial, helvetica, sans-serif;\">\r\n\r\n<\/span><\/p>\r\n<p><strong><span style=\"font-family: arial, helvetica, sans-serif; font-size: 14pt;\">a) An der Ampel links in die Harbergstr. abbiegen<\/span><\/strong><br \/><strong><span style=\"font-family: arial, helvetica, sans-serif; font-size: 14pt;\">b) Von der Harbergstr. hinter der Eisenbahnunterf\u00fchrung hoch bis zur Graf-Galen-Str.<\/span><\/strong><br \/><strong><span style=\"font-family: arial, helvetica, sans-serif; font-size: 14pt;\">c) dann links abbiegen und weiter wie oben unter A) ab Punkt g) beschrieben<\/span><\/strong><\/p>\r\n<p><span style=\"font-family: arial, helvetica, sans-serif;\">\r\n\r\n<\/span><\/p>\r\n<p><span style=\"font-size: 24pt;\"><strong><span style=\"font-family: arial, helvetica, sans-serif;\">D) Aus Richung Oelde kommend:<\/span><\/strong><\/span><\/p>\r\n<p><span style=\"font-family: arial, helvetica, sans-serif;\">\r\n\r\n<\/span><\/p>\r\n<p><span style=\"font-size: 14pt;\"><strong><span style=\"font-family: arial, helvetica, sans-serif;\">a) Der Vellernerstr. bis zum Kreisverkehr folgen<\/span><\/strong><\/span><br \/><span style=\"font-size: 14pt;\"><strong><span style=\"font-family: arial, helvetica, sans-serif;\">b) am Kreisverkehr die erste Ausfahrt<\/span><\/strong><\/span><br \/><span style=\"font-size: 14pt;\"><strong><span style=\"font-family: arial, helvetica, sans-serif;\">c) dann die Breslauerstr. hoch bis zur n\u00e4chsten Kreuzung ( an der Kreuzung ist rechts die Gastst\u00e4tte Bockey)<\/span><\/strong><\/span><br \/><span style=\"font-size: 14pt;\"><strong><span style=\"font-family: arial, helvetica, sans-serif;\">d) \u00dcber diese Kreuzung gerade aus in die Harbergstr. bis zur Kreuzung Graf-Galen-Str.<\/span><\/strong><\/span><br \/><span style=\"font-size: 14pt;\"><strong><span style=\"font-family: arial, helvetica, sans-serif;\">e) dann rechts abbiegen und weiter wie oben unter A) ab Punkt g) beschrieben<\/span><\/strong><\/span><\/p>\r\n<p><img loading=\"lazy\" decoding=\"async\" class=\"wp-image-693 aligncenter\" src=\"https:\/\/sg-neubeckum.de\/wp-content\/uploads\/2022\/06\/NB-Plan-Pokalschiessen-300x247.jpg\" alt=\"\" width=\"1180\" height=\"971\" srcset=\"https:\/\/sg-neubeckum.de\/wp-content\/uploads\/2022\/06\/NB-Plan-Pokalschiessen-300x247.jpg 300w, https:\/\/sg-neubeckum.de\/wp-content\/uploads\/2022\/06\/NB-Plan-Pokalschiessen-768x632.jpg 768w, https:\/\/sg-neubeckum.de\/wp-content\/uploads\/2022\/06\/NB-Plan-Pokalschiessen.jpg 843w\" sizes=\"auto, (max-width: 1180px) 100vw, 1180px\" \/><\/p>\r\n<p><span style=\"font-family: arial, helvetica, sans-serif;\">\r\n\r\n\r\n\r\n<\/span><\/p>\r\n<div class=\"wp-block-image\">\r\n<figure class=\"aligncenter size-full is-resized\"><span style=\"font-family: arial, helvetica, sans-serif;\"><img loading=\"lazy\" decoding=\"async\" class=\"wp-image-287 aligncenter\" src=\"http:\/\/sgn.sg-neubeckum.de\/wp-content\/uploads\/2022\/03\/NB_Plan_detail.jpg\" alt=\"\" width=\"584\" height=\"569\" srcset=\"https:\/\/sg-neubeckum.de\/wp-content\/uploads\/2022\/03\/NB_Plan_detail.jpg 580w, https:\/\/sg-neubeckum.de\/wp-content\/uploads\/2022\/03\/NB_Plan_detail-300x292.jpg 300w\" sizes=\"auto, (max-width: 584px) 100vw, 584px\" \/><\/span><\/figure>\r\n<\/div>\r\n<p><span style=\"font-family: arial, helvetica, sans-serif;\"><\/span><\/p>","protected":false},"excerpt":{"rendered":"<p>Wo liegt Neubeckum ? Neubeckum ist ein Stadtteil der Stadt Beckum, und liegt direkt an der Autobahn A2, mitten im Kreis Warendorf, und ist eingerahmt von den St\u00e4dten Ahlen, Beckum, Ennigerloh und Oelde &nbsp; Sie erreichen uns \u00fcber folgende Routen (siehe Lageplan unten): A) Aus Richtung Beckum bzw. Autobahn A2 kommend: a) Autobahnabfahrt Beckum &#8211; &#8230; <a title=\"Wegbeschreibung\" class=\"read-more\" href=\"https:\/\/sg-neubeckum.de\/?page_id=61\" aria-label=\"Mehr Informationen \u00fcber Wegbeschreibung\">Weiterlesen &#8230;<\/a><\/p>\n","protected":false},"author":3,"featured_media":0,"parent":0,"menu_order":0,"comment_status":"closed","ping_status":"closed","template":"","meta":{"_bbp_topic_count":0,"_bbp_reply_count":0,"_bbp_total_topic_count":0,"_bbp_total_reply_count":0,"_bbp_voice_count":0,"_bbp_anonymous_reply_count":0,"_bbp_topic_count_hidden":0,"_bbp_reply_count_hidden":0,"_bbp_forum_subforum_count":0,"footnotes":""},"class_list":["post-61","page","type-page","status-publish"],"_links":{"self":[{"href":"https:\/\/sg-neubeckum.de\/index.php?rest_route=\/wp\/v2\/pages\/61","targetHints":{"allow":["GET"]}}],"collection":[{"href":"https:\/\/sg-neubeckum.de\/index.php?rest_route=\/wp\/v2\/pages"}],"about":[{"href":"https:\/\/sg-neubeckum.de\/index.php?rest_route=\/wp\/v2\/types\/page"}],"author":[{"embeddable":true,"href":"https:\/\/sg-neubeckum.de\/index.php?rest_route=\/wp\/v2\/users\/3"}],"replies":[{"embeddable":true,"href":"https:\/\/sg-neubeckum.de\/index.php?rest_route=%2Fwp%2Fv2%2Fcomments&post=61"}],"version-history":[{"count":19,"href":"https:\/\/sg-neubeckum.de\/index.php?rest_route=\/wp\/v2\/pages\/61\/revisions"}],"predecessor-version":[{"id":698,"href":"https:\/\/sg-neubeckum.de\/index.php?rest_route=\/wp\/v2\/pages\/61\/revisions\/698"}],"wp:attachment":[{"href":"https:\/\/sg-neubeckum.de\/index.php?rest_route=%2Fwp%2Fv2%2Fmedia&parent=61"}],"curies":[{"name":"wp","href":"https:\/\/api.w.org\/{rel}","templated":true}]}}