{"id":64,"date":"2021-08-10T14:26:00","date_gmt":"2021-08-10T14:26:00","guid":{"rendered":"http:\/\/sgn.sg-neubeckum.de\/?page_id=64"},"modified":"2025-04-07T13:00:06","modified_gmt":"2025-04-07T13:00:06","slug":"vorstand-2","status":"publish","type":"page","link":"https:\/\/sg-neubeckum.de\/?page_id=64","title":{"rendered":"Vorstand"},"content":{"rendered":"<p style=\"text-align: center;\"><span style=\"font-size: 24pt;\"><strong><span style=\"font-family: arial, helvetica, sans-serif;\">Der Vorstand der SG Neubeckum e.V.<\/span><\/strong><\/span><\/p>\n<p style=\"text-align: center;\"><span style=\"font-size: 14pt;\"><strong><span style=\"color: #ff0000;\"><span style=\"font-family: arial, helvetica, sans-serif;\">Stand: Januar 2023<\/span><\/span><\/strong><\/span><\/p>\n<table class=\" aligncenter\" style=\"height: 1299px; width: 68.1592%; border-collapse: collapse;\">\n<tbody>\n<tr style=\"height: 193px;\">\n<td style=\"width: 33.6158%; height: 193px;\"><span style=\"font-size: 14pt;\"><strong><span style=\"font-family: arial, helvetica, sans-serif;\">1. Vorsitzender:<\/span><\/strong><\/span><\/p>\n<p><span style=\"font-family: arial, helvetica, sans-serif; font-size: 12pt;\">Arvid Langner <\/span><br \/>\n<span style=\"font-family: arial, helvetica, sans-serif; font-size: 12pt;\">Sperberstr. 24<\/span><br \/>\n<span style=\"font-family: arial, helvetica, sans-serif; font-size: 12pt;\">59269 Beckum<\/span><\/p>\n<p><span style=\"font-family: arial, helvetica, sans-serif; font-size: 12pt;\">email: a.langner-(a)-sg-neubeckum.de<\/span><\/td>\n<td style=\"width: 37.5952%; height: 193px;\"><span style=\"font-size: 14pt;\"><strong><span style=\"font-family: arial, helvetica, sans-serif;\">2. Vorsitzender:<\/span><\/strong><\/span><\/p>\n<p><span style=\"font-family: arial, helvetica, sans-serif; font-size: 12pt;\">Degenhard Langner<\/span><br \/>\n<span style=\"font-family: arial, helvetica, sans-serif; font-size: 12pt;\">Dresdener Str. 9 <\/span><br \/>\n<span style=\"font-family: arial, helvetica, sans-serif; font-size: 12pt;\">59269 Beckum<\/span><\/p>\n<p><span style=\"font-family: arial, helvetica, sans-serif; font-size: 12pt;\">email: d.langner-(a)-sg-neubeckum.de<\/span><\/td>\n<\/tr>\n<tr style=\"height: 25px;\">\n<td style=\"width: 33.6158%; height: 25px;\"><span style=\"font-size: 14pt;\"><strong><span style=\"font-family: arial, helvetica, sans-serif;\">1. Gesch\u00e4ftsf\u00fchrer<\/span><\/strong><\/span><\/p>\n<p><span style=\"font-family: arial, helvetica, sans-serif; font-size: 12pt;\">&#8211;<\/span><br \/>\n<span style=\"font-family: arial, helvetica, sans-serif; font-size: medium;\">&#8211;<\/span><\/p>\n<p><span style=\"font-family: arial, helvetica, sans-serif; font-size: 12pt;\">email: .n-(a)-sg-neubeckum.de<\/span><\/td>\n<td style=\"width: 37.5952%; height: 25px;\"><span style=\"font-size: 14pt;\"><strong><span style=\"font-family: arial, helvetica, sans-serif;\">2. Gesch\u00e4ftsf\u00fchrer<\/span><\/strong><\/span><\/p>\n<p><span style=\"font-family: arial, helvetica, sans-serif; font-size: 12pt;\">&#8211;<\/span><br \/>\n<span style=\"font-family: arial, helvetica, sans-serif; font-size: 12pt;\">&#8211;<\/span><br \/>\n<span style=\"font-family: arial, helvetica, sans-serif; font-size: 12pt;\">&#8211;<\/span><\/p>\n<p><span style=\"font-family: arial, helvetica, sans-serif; font-size: 12pt;\">email: .-(a)-sg-neubeckum.de<\/span><\/td>\n<\/tr>\n<tr style=\"height: 25px;\">\n<td style=\"width: 33.6158%; height: 25px;\"><span style=\"font-size: 14pt;\"><strong><span style=\"font-family: arial, helvetica, sans-serif;\">1. Kassierer<\/span><\/strong><\/span><\/p>\n<p><span style=\"font-family: arial, helvetica, sans-serif; font-size: 12pt;\">&#8211; <\/span><br \/>\n<span style=\"font-family: arial, helvetica, sans-serif; font-size: 12pt;\">&#8211; <\/span><br \/>\n<span style=\"font-family: arial, helvetica, sans-serif; font-size: 12pt;\">&#8211;<\/span><\/p>\n<p><span style=\"font-family: arial, helvetica, sans-serif; font-size: 12pt;\">email:-(a)-sg-neubeckum.de<\/span><\/td>\n<td style=\"width: 37.5952%; height: 25px;\"><span style=\"font-size: 14pt;\"><strong><span style=\"font-family: arial, helvetica, sans-serif;\">2. Kassierer<\/span><\/strong><\/span><\/p>\n<p><span style=\"font-family: arial, helvetica, sans-serif; font-size: 12pt;\">Annette Hahues<br \/>\nIn der Laake 34<br \/>\n59269 Beckum<\/span><\/p>\n<p><span style=\"font-family: arial, helvetica, sans-serif; font-size: 12pt;\">email: a.hahues-(a)-sg-neubeckum.de<\/span><\/td>\n<\/tr>\n<tr style=\"height: 25px;\">\n<td style=\"width: 33.6158%; height: 25px;\"><span style=\"font-size: 14pt;\"><strong><span style=\"font-family: arial, helvetica, sans-serif;\">Sportwart Langwaffen<\/span><\/strong><\/span><\/p>\n<p><span style=\"font-family: arial, helvetica, sans-serif; font-size: 12pt;\">J\u00f6rg B\u00fchner<\/span><br \/>\n<span style=\"font-family: arial, helvetica, sans-serif; font-size: 12pt;\">&#8211;<\/span><br \/>\n<span style=\"font-family: arial, helvetica, sans-serif; font-size: 12pt;\">&#8211;<\/span><\/p>\n<p><span style=\"font-family: arial, helvetica, sans-serif; font-size: 12pt;\">email: -(a)-sg-neubeckum.de<\/span><\/td>\n<td style=\"width: 37.5952%; height: 25px;\"><span style=\"font-size: 14pt;\"><strong><span style=\"font-family: arial, helvetica, sans-serif;\">Sportwart Kurzwaffen<\/span><\/strong><\/span><\/p>\n<p><span style=\"font-family: arial, helvetica, sans-serif; font-size: 12pt;\">Degenhard Langner<\/span><br \/>\n<span style=\"font-family: arial, helvetica, sans-serif; font-size: 12pt;\">Dresdener Str. 9<\/span><br \/>\n<span style=\"font-family: arial, helvetica, sans-serif; font-size: 12pt;\">59269 Beckum<\/span><\/p>\n<p><span style=\"font-family: arial, helvetica, sans-serif; font-size: 12pt;\">email: d.langner-(a)-sg-neubeckum.de<\/span><\/td>\n<\/tr>\n<tr style=\"height: 25px;\">\n<td style=\"width: 33.6158%; height: 30px;\"><span style=\"font-size: 14pt;\"><strong><span style=\"font-family: arial, helvetica, sans-serif;\">1. Jugendwart<\/span><\/strong><\/span><\/p>\n<p><span style=\"font-family: arial, helvetica, sans-serif; font-size: 12pt;\">&#8211;<\/span><br \/>\n<span style=\"font-family: arial, helvetica, sans-serif; font-size: 12pt;\">&#8211;<\/span><br \/>\n<span style=\"font-family: arial, helvetica, sans-serif; font-size: 12pt;\">&#8211;<\/span><\/p>\n<p><span style=\"font-family: arial, helvetica, sans-serif; font-size: 12pt;\">email: -(a)-sg-neubeckum.de<\/span><\/td>\n<td style=\"width: 37.5952%; height: 30px;\"><span style=\"font-size: 14pt;\"><strong><span style=\"font-family: arial, helvetica, sans-serif;\">2. Jugendwart<\/span><\/strong><\/span><\/p>\n<p><span style=\"font-family: arial, helvetica, sans-serif; font-size: 12pt;\">&#8211;<\/span><br \/>\n<span style=\"font-family: arial, helvetica, sans-serif; font-size: 12pt;\">&#8211; <\/span><br \/>\n<span style=\"font-family: arial, helvetica, sans-serif; font-size: 12pt;\">&#8211;<\/span><\/p>\n<p><span style=\"font-family: arial, helvetica, sans-serif; font-size: 12pt;\">email: -(a)-sg-neubeckum.de<\/span><\/td>\n<\/tr>\n<tr>\n<td style=\"width: 33.6158%;\"><span style=\"font-family: arial, helvetica, sans-serif; font-size: 14pt;\"><strong>Beisitzer<\/strong><\/span><\/p>\n<p><span style=\"font-family: arial, helvetica, sans-serif; font-size: 12pt;\">Karl-Heinz Pott<\/span><br \/>\n<span style=\"font-family: arial, helvetica, sans-serif; font-size: 12pt;\">Am Sportplatz 5<\/span><br \/>\n<span style=\"font-family: arial, helvetica, sans-serif; font-size: 12pt;\">59269 Beckum<\/span><\/p>\n<p><span style=\"font-family: arial, helvetica, sans-serif; font-size: 12pt;\">email: kh.pott-(a)-sg-neubeckum.de<\/span><\/td>\n<td style=\"width: 37.5952%;\"><span style=\"font-size: 14pt;\"><strong><span style=\"font-family: arial, helvetica, sans-serif;\">\u00a0<\/span><\/strong><\/span><\/td>\n<\/tr>\n<\/tbody>\n<\/table>\n","protected":false},"excerpt":{"rendered":"<p>Der Vorstand der SG Neubeckum e.V. Stand: Januar 2023 1. Vorsitzender: Arvid Langner Sperberstr. 24 59269 Beckum email: a.langner-(a)-sg-neubeckum.de 2. Vorsitzender: Degenhard Langner Dresdener Str. 9 59269 Beckum email: d.langner-(a)-sg-neubeckum.de 1. Gesch\u00e4ftsf\u00fchrer &#8211; &#8211; email: .n-(a)-sg-neubeckum.de 2. Gesch\u00e4ftsf\u00fchrer &#8211; &#8211; &#8211; email: .-(a)-sg-neubeckum.de 1. Kassierer &#8211; &#8211; &#8211; email:-(a)-sg-neubeckum.de 2. Kassierer Annette Hahues In der &#8230; <a title=\"Vorstand\" class=\"read-more\" href=\"https:\/\/sg-neubeckum.de\/?page_id=64\" aria-label=\"Mehr Informationen \u00fcber Vorstand\">Weiterlesen &#8230;<\/a><\/p>\n","protected":false},"author":3,"featured_media":0,"parent":0,"menu_order":0,"comment_status":"closed","ping_status":"closed","template":"","meta":{"_bbp_topic_count":0,"_bbp_reply_count":0,"_bbp_total_topic_count":0,"_bbp_total_reply_count":0,"_bbp_voice_count":0,"_bbp_anonymous_reply_count":0,"_bbp_topic_count_hidden":0,"_bbp_reply_count_hidden":0,"_bbp_forum_subforum_count":0,"footnotes":""},"class_list":["post-64","page","type-page","status-publish"],"_links":{"self":[{"href":"https:\/\/sg-neubeckum.de\/index.php?rest_route=\/wp\/v2\/pages\/64","targetHints":{"allow":["GET"]}}],"collection":[{"href":"https:\/\/sg-neubeckum.de\/index.php?rest_route=\/wp\/v2\/pages"}],"about":[{"href":"https:\/\/sg-neubeckum.de\/index.php?rest_route=\/wp\/v2\/types\/page"}],"author":[{"embeddable":true,"href":"https:\/\/sg-neubeckum.de\/index.php?rest_route=\/wp\/v2\/users\/3"}],"replies":[{"embeddable":true,"href":"https:\/\/sg-neubeckum.de\/index.php?rest_route=%2Fwp%2Fv2%2Fcomments&post=64"}],"version-history":[{"count":23,"href":"https:\/\/sg-neubeckum.de\/index.php?rest_route=\/wp\/v2\/pages\/64\/revisions"}],"predecessor-version":[{"id":1279,"href":"https:\/\/sg-neubeckum.de\/index.php?rest_route=\/wp\/v2\/pages\/64\/revisions\/1279"}],"wp:attachment":[{"href":"https:\/\/sg-neubeckum.de\/index.php?rest_route=%2Fwp%2Fv2%2Fmedia&parent=64"}],"curies":[{"name":"wp","href":"https:\/\/api.w.org\/{rel}","templated":true}]}}