{"id":65,"date":"2021-08-10T14:26:01","date_gmt":"2021-08-10T14:26:01","guid":{"rendered":"http:\/\/sgn.sg-neubeckum.de\/?page_id=65"},"modified":"2022-04-13T10:36:15","modified_gmt":"2022-04-13T10:36:15","slug":"chronik-2","status":"publish","type":"page","link":"https:\/\/sg-neubeckum.de\/?page_id=65","title":{"rendered":"Chronik"},"content":{"rendered":"\r\n<p><span style=\"font-family: arial, helvetica, sans-serif; font-size: 24pt;\"><strong>Chronik der Schie\u00dfgesellschaft Neubeckum e.V.<\/strong><\/span><\/p>\r\n<p><span style=\"font-family: arial, helvetica, sans-serif; font-size: 14pt;\">\r\n\r\n<\/span><\/p>\r\n<p><span style=\"text-decoration: underline; font-size: 18pt;\"><span style=\"font-family: arial, helvetica, sans-serif;\"><strong>Vereinsgr\u00fcndung<\/strong><\/span><\/span><\/p>\r\n<p><span style=\"font-family: arial, helvetica, sans-serif; font-size: 14pt;\">\r\n\r\n<\/span><\/p>\r\n<p><span style=\"font-family: arial, helvetica, sans-serif; font-size: 14pt;\"><strong>Gr\u00fcndung der Schie\u00dfgesellschaft &#8222;ERICA&#8220; im Juni 1961 aus den Reihen der B\u00fcrgersch\u00fctzen Neubeckums mit 10 Mitgliedern &#8211; Ursprung des Vereinsnames stammt von der damaligen Sch\u00fctzenkaiserin der B\u00fcrgersch\u00fctzen, Frau Erica Stecher<\/strong><\/span><\/p>\r\n<p><span style=\"font-family: arial, helvetica, sans-serif; font-size: 14pt;\">\r\n\r\n<\/span><\/p>\r\n<p><span style=\"font-family: arial, helvetica, sans-serif; font-size: 14pt;\"><strong>Gr\u00fcndung des Schie\u00dfclub &#8222;Nord&#8220; im Januar 1962 aus den Reihen der Hubertus-Sch\u00fctzen mit 9 Mitgliedern &#8211; Ursprung des Vereinsnamens stammt aus der r\u00e4umlichen Ansiedelung der Hubertus-Sch\u00fctzengilde Neubeckum-Nord e.V., dem Norden Neubeckums<\/strong><\/span><\/p>\r\n<p><span style=\"font-family: arial, helvetica, sans-serif; font-size: 14pt;\">\r\n\r\n<\/span><\/p>\r\n<p><span style=\"font-family: arial, helvetica, sans-serif; font-size: 14pt;\"><strong>Beide Vereine wurden Mitglieder im Westf\u00e4lischen Sch\u00fctzenbund im jeweiligen Gr\u00fcndungsjahr, sowie Mitglieder im 1966 in Neubeckum neu gegr\u00fcndeten Sch\u00fctzenkreis Beckum<\/strong><\/span><\/p>\r\n<p><span style=\"font-family: arial, helvetica, sans-serif; font-size: 14pt;\">\r\n\r\n<\/span><\/p>\r\n<p><span style=\"text-decoration: underline; font-size: 18pt;\"><span style=\"font-family: arial, helvetica, sans-serif;\"><strong>Damalige Schie\u00dfst\u00e4nde:<\/strong><\/span><\/span><\/p>\r\n<p><span style=\"font-family: arial, helvetica, sans-serif; font-size: 14pt;\">\r\n\r\n<\/span><\/p>\r\n<p><span style=\"font-family: arial, helvetica, sans-serif; font-size: 14pt;\"><strong>&#8222;ERICA&#8220; : 1961 &#8211; 1966 ehem. Gastst\u00e4tte Hohenfeld,<br \/>ab 1966 im gro\u00dfen Saal des ehm. kath. Vereinshaus auf 8 St\u00e4nden<\/strong><\/span><\/p>\r\n<p><span style=\"font-family: arial, helvetica, sans-serif; font-size: 14pt;\">\r\n\r\n<\/span><\/p>\r\n<p><span style=\"font-family: arial, helvetica, sans-serif; font-size: 14pt;\"><strong>&#8222;NORD&#8220; : seit 1962 in der Gasts\u00e4tte Wiese<\/strong><\/span><\/p>\r\n<p><span style=\"font-family: arial, helvetica, sans-serif; font-size: 14pt;\">\r\n\r\n<\/span><\/p>\r\n<p><span style=\"text-decoration: underline;\"><span style=\"font-family: arial, helvetica, sans-serif; font-size: 18pt;\"><strong>Zusammenschlu\u00df<\/strong><\/span><\/span><\/p>\r\n<p><span style=\"font-family: arial, helvetica, sans-serif; font-size: 14pt;\">\r\n\r\n<\/span><\/p>\r\n<p><span style=\"font-family: arial, helvetica, sans-serif; font-size: 14pt;\"><strong>Ende 1970 Anfang 1971 Aufnahme der Verhandlungen beider Vereine zwecks<\/strong><\/span><\/p>\r\n<p><span style=\"font-family: arial, helvetica, sans-serif; font-size: 14pt;\">\r\n\r\n<\/span><\/p>\r\n<ul class=\"wp-block-list\">\r\n<li><span style=\"font-family: arial, helvetica, sans-serif; font-size: 14pt;\"><strong>Zusammenschlu\u00df zu einem schie\u00dfsporttreibenden Verein<\/strong><\/span><\/li>\r\n<li><span style=\"font-family: arial, helvetica, sans-serif; font-size: 14pt;\"><strong>Aufstellung des jeweiligen Vereinsverm\u00f6gens<\/strong><\/span><\/li>\r\n<li><span style=\"font-family: arial, helvetica, sans-serif; font-size: 14pt;\"><strong>Einsatz der Sch\u00fctzen in den einzelnen Mannschaften<\/strong><\/span><\/li>\r\n<li><span style=\"font-family: arial, helvetica, sans-serif; font-size: 14pt;\"><strong>Beitragsangelegenheiten<\/strong><\/span><\/li>\r\n<\/ul>\r\n<p><span style=\"font-family: arial, helvetica, sans-serif; font-size: 14pt;\">\r\n\r\n<\/span><\/p>\r\n<p><span style=\"font-family: arial, helvetica, sans-serif; font-size: 14pt;\"><strong>Die Fusion erfolgte am 22. August 1971<\/strong><\/span><\/p>\r\n<p><span style=\"font-family: arial, helvetica, sans-serif; font-size: 14pt;\">\r\n\r\n<\/span><\/p>\r\n<p><span style=\"font-family: arial, helvetica, sans-serif; font-size: 14pt;\"><strong>Erste gemeinsame Hauptversammlung am 17. September 1971 im kath. Vereinshaus<\/strong><\/span><\/p>\r\n<p><span style=\"font-family: arial, helvetica, sans-serif; font-size: 14pt;\">\r\n\r\n<\/span><\/p>\r\n<p><span style=\"font-family: arial, helvetica, sans-serif; font-size: 14pt;\"><strong>Vorstand: 1. Vorsitzender Wenzel Peitzmeier, 2. Vorsitzender Karl-Heinz Nordhues, Schriftf\u00fchrer Friedhelm Hahne, Kassierer Norbert Steube<\/strong><\/span><\/p>\r\n<p><span style=\"font-family: arial, helvetica, sans-serif; font-size: 14pt;\">\r\n\r\n<\/span><\/p>\r\n<p><span style=\"font-family: arial, helvetica, sans-serif; font-size: 14pt;\"><strong>Laut Versammlungsbeschlu\u00df beh\u00e4lt der neue Verein den Namen Schie\u00dfgesellschaft Erica bis zum Tode der Frau Erica Stecher bei.<\/strong><\/span><\/p>\r\n<p><span style=\"font-family: arial, helvetica, sans-serif; font-size: 14pt;\">\r\n\r\n<\/span><\/p>\r\n<p><span style=\"font-family: arial, helvetica, sans-serif; font-size: 14pt;\"><strong>Mitgliedsbestand beim Zusammenschlu\u00df mit Jugendlichen und Sch\u00fclern 65 Mitglieder, davon 50 aktive Sch\u00fctzen<\/strong><\/span><\/p>\r\n<p><span style=\"font-family: arial, helvetica, sans-serif; font-size: 14pt;\">\r\n\r\n<\/span><\/p>\r\n<p><span style=\"font-family: arial, helvetica, sans-serif; font-size: 14pt;\"><strong>Schie\u00dfstand weiterhin im gro\u00dfen Saal des kath. Vereinshauses<\/strong><\/span><\/p>\r\n<p><span style=\"font-family: arial, helvetica, sans-serif; font-size: 14pt;\">\r\n\r\n<\/span><\/p>\r\n<p><span style=\"font-family: arial, helvetica, sans-serif; font-size: 14pt;\"><strong>Ab 1972 Einf\u00fchrung der Disziplin Luftpistole<\/strong><\/span><\/p>\r\n<p><span style=\"font-family: arial, helvetica, sans-serif; font-size: 14pt;\">\r\n\r\n<\/span><\/p>\r\n<p><span style=\"font-family: arial, helvetica, sans-serif; font-size: 14pt;\"><strong>Noch im Verein befindliche Gr\u00fcndungsmitglieder:<\/strong><\/span><\/p>\r\n<p><span style=\"font-family: arial, helvetica, sans-serif; font-size: 14pt;\">\r\n\r\n<\/span><\/p>\r\n<p><span style=\"font-family: arial, helvetica, sans-serif; font-size: 14pt;\"><strong>Ehemals &#8222;ERICA&#8220; : Helmut Kl\u00f6pper, Dieter Sch\u00e4fer, Eberhard Sch\u00e4fer<br \/>Ehemals &#8222;NORD&#8220; : Karl-Heinz Nordhues<\/strong><\/span><\/p>\r\n<p><span style=\"font-family: arial, helvetica, sans-serif; font-size: 14pt;\">\r\n\r\n<\/span><\/p>\r\n<p><span style=\"text-decoration: underline;\"><span style=\"font-family: arial, helvetica, sans-serif; font-size: 18pt;\"><strong>Wendepunkte im Verein<\/strong><\/span><\/span><\/p>\r\n<p><span style=\"font-family: arial, helvetica, sans-serif; font-size: 14pt;\">\r\n\r\n<\/span><\/p>\r\n<p><span style=\"font-family: arial, helvetica, sans-serif; font-size: 14pt;\"><strong>1. Der Tod von Frau Erica Stecher im Jahre 1973 &#8211; Unser ERICA-Pokalschie\u00dfen tr\u00e4gt zu Ehren von Frau Stecher ihren Namen zum ehrendem Gedenken. Umbenennung auf der Jahreshauptversammlung 1973 in Schie\u00dfgesellschaft Neubeckum mit gleichzeitiger Eintragung in das Vereinsregister<\/strong>.<strong>Offizieller Vereinsname nach vollzogenem Eintrag im Vereinsregister seit M\u00e4rz 1974 &#8222;Schie\u00dfgesellschaft Neubeckum e.V.&#8220;<\/strong><\/span><\/p>\r\n<p><span style=\"font-family: arial, helvetica, sans-serif; font-size: 14pt;\">\r\n\r\n<\/span><\/p>\r\n<p><span style=\"font-family: arial, helvetica, sans-serif; font-size: 14pt;\"><strong>2. Neubau des Sportzentrum Harberg mit unterirdischen Schie\u00dfst\u00e4nden. Einweihung des neues Schie\u00dfstandes am 19. Juni 1974 ( 7 St\u00e4nde 50 m f\u00fcr KK-Schie\u00dfen, 8 St\u00e4nde 10 m f\u00fcr Luftdruckwaffen, 5 St\u00e4nde 25 m f\u00fcr Sportpistolen)<\/strong>. <strong>Im Jahre 1975 wurden alle vorhandenen Schie\u00dfst\u00e4nde umger\u00fcstet f\u00fcr die Durchf\u00fchrung der Bezirksmeisterschaften des WSB in den Disziplinen Luftgewehr und Luftpistole<\/strong> <strong>auf insgesamt 23 10-mtr. St\u00e4nde<\/strong><\/span><\/p>\r\n<p><span style=\"font-family: arial, helvetica, sans-serif; font-size: 14pt;\">\r\n\r\n<\/span><\/p>\r\n<p><span style=\"font-family: arial, helvetica, sans-serif; font-size: 14pt;\"><strong>3. Ausschreibung eines Wettbewerbes zur Gestaltung eines Vereinswappens im Sommer 1976<\/strong><\/span><\/p>\r\n<p><span style=\"font-family: arial, helvetica, sans-serif; font-size: 14pt;\">\r\n\r\n<\/span><\/p>\r\n<div class=\"wp-block-image\" style=\"text-align: center;\">\r\n<figure class=\"aligncenter size-full is-resized\"><span style=\"font-family: arial, helvetica, sans-serif; font-size: 14pt;\"><img loading=\"lazy\" decoding=\"async\" class=\"wp-image-321 aligncenter\" src=\"http:\/\/sgn.sg-neubeckum.de\/wp-content\/uploads\/2022\/04\/SGN_Stoffwappen.jpg\" alt=\"\" width=\"404\" height=\"463\" srcset=\"https:\/\/sg-neubeckum.de\/wp-content\/uploads\/2022\/04\/SGN_Stoffwappen.jpg 300w, https:\/\/sg-neubeckum.de\/wp-content\/uploads\/2022\/04\/SGN_Stoffwappen-262x300.jpg 262w\" sizes=\"auto, (max-width: 404px) 100vw, 404px\" \/><\/span>\r\n<figcaption><span style=\"font-family: arial, helvetica, sans-serif; font-size: 14pt;\"><strong>Der Entwurf dieses Wappens stammt von unserem Mitglied Norbert Steube<\/strong><\/span><\/figcaption>\r\n<\/figure>\r\n<\/div>\r\n<p><span style=\"font-family: arial, helvetica, sans-serif; font-size: 14pt;\">\r\n\r\n<\/span><\/p>\r\n<p>&nbsp;<\/p>\r\n<p><span style=\"font-family: arial, helvetica, sans-serif; font-size: 14pt;\">\r\n\r\n<\/span><\/p>\r\n<p><span style=\"font-family: arial, helvetica, sans-serif; font-size: 14pt;\"><strong>4. Nutzung kommunaler Sportanlagen durch die sporttreibenden Vereine im Jahre 1985 (Personalkostensenkung seitens der Stadt Beckum)<\/strong> <strong>\u00dcbergabe des Schie\u00dfstandes in eigenverantwortlicher Nutzung an die SG Neubeckum<\/strong> <strong>mittels einem auf 10 Jahre festgesetzten Nutzungsvertrag<\/strong> <strong>Bauliche Ver\u00e4nderung des Aufenthaltsraumes<\/strong><\/span><\/p>\r\n<p><span style=\"font-family: arial, helvetica, sans-serif; font-size: 14pt;\">\r\n\r\n<\/span><\/p>\r\n<p><span style=\"font-family: arial, helvetica, sans-serif; font-size: 14pt;\"><strong>5. Nutzungsvertrag mit der Stadt Beckum im Jahre 1995 &#8211; Weitere Kostensenkung der Stadt und damit Umverteilung auf die sporttreibenden Vereine\u00a0<\/strong><\/span><\/p>\r\n<p><strong><span style=\"font-family: arial, helvetica, sans-serif; font-size: 14pt;\">6. Neuer Nutzunbgsvertrag im Jahre 2022\u00a0 <\/span><\/strong><\/p>\r\n<p><strong><span style=\"font-family: arial, helvetica, sans-serif; font-size: 14pt;\">7. Nutzungsvereinbarungen mit allen schie\u00dfsporttreibenden Beckumer Vereine sowie Sch\u00fctzenvereine, da der H\u00f6xbergschie\u00dfstand nicht mehr existiert<br \/><\/span><\/strong><\/p>\r\n<p><span style=\"font-family: arial, helvetica, sans-serif; font-size: 14pt;\">\r\n\r\n<\/span><\/p>\r\n<p><span style=\"text-decoration: underline; font-size: 18pt;\"><span style=\"font-family: arial, helvetica, sans-serif;\"><strong>Eigenleistungen<\/strong><\/span><\/span><\/p>\r\n<p><span style=\"font-family: arial, helvetica, sans-serif; font-size: 14pt;\">\r\n\r\n<\/span><\/p>\r\n<p><span style=\"font-family: arial, helvetica, sans-serif; font-size: 14pt;\"><strong>1. Modernisierung des Pistolen- , KK- und Luftgewehrstandes mit Unterst\u00fctzung der Stadt Beckum in den ersten Monaten nach Inkrafttreten des 1. Nutzungsvertrages, Umbau des Umkleide- und Aufenthaltsraum zu einem Raum und Schaffung eines Thekenbereiches mit K\u00fccheneinrichtung<br \/><\/strong><\/span><\/p>\r\n<p><span style=\"font-family: arial, helvetica, sans-serif; font-size: 14pt;\"><strong>2. Erstellung eines festen \u00dcberbaus vor dem Eingangsbereich mit Bewirtungsraum im Jahre 1998<\/strong><\/span><\/p>\r\n<p><span style=\"font-family: arial, helvetica, sans-serif; font-size: 14pt;\"><strong>3. Neue Zielbeleuchtung auf dem LG-Stand im Jahre 1998<\/strong><\/span><\/p>\r\n<p><span style=\"font-family: arial, helvetica, sans-serif; font-size: 14pt;\"><strong>4. Neue Deckenbeleuchtung im Aufenthaltsraum und auf dem LG-Stand im Jahr 1999<\/strong><\/span><\/p>\r\n<p><span style=\"font-family: arial, helvetica, sans-serif; font-size: 14pt;\"><strong>5. Renovierung des KK-Standes : Neue Zielbeleuchtung und Begradigung des Bodens sowie im vorderen Teil mit Platten unter den Zugseilen ausgelegt im Jahr 2000<\/strong><\/span><\/p>\r\n<p><span style=\"font-family: arial, helvetica, sans-serif; font-size: 14pt;\"><strong>6. Teppichboden auf den Gewehrauflagen im LG- und KK-Stand erneuert im Jahr 2000<\/strong><\/span><\/p>\r\n<p><span style=\"font-family: arial, helvetica, sans-serif; font-size: 14pt;\"><strong>7. Neuer Vitrinenschrank im Aufenthalsraum fertiggestellt im Jahr 2000<\/strong><\/span><\/p>\r\n<p><span style=\"font-family: arial, helvetica, sans-serif; font-size: 14pt;\"><strong>8. Einbringung einer Betonplatte im Pistolenstand auf 10 mtr L\u00e4nge im Jahre 2000<\/strong><\/span><\/p>\r\n<p><span style=\"font-family: arial, helvetica, sans-serif; font-size: 14pt;\"><strong>9. Modernisierung des Luftgewehrstandes &#8211; verbesserte Lichtverh\u00e4ltnisse im Stand, Schaffung einer Wanne zur Aufnahme von Geschossbleir\u00fcckst\u00e4nde,<br \/>neue Teppiche im Jahre 2009<br \/><\/strong><\/span><\/p>\r\n<p><strong><span style=\"font-family: arial, helvetica, sans-serif; font-size: 14pt;\">10. Neuanschaffung der Zuganlagen auf dem Luftdruckstand im Jahre 2009<\/span><\/strong><\/p>\r\n<p><span style=\"font-size: 14pt;\"><strong><span style=\"font-family: arial, helvetica, sans-serif;\">11. Umbau der Schie\u00dfbahnen im Jahre 2018 nach Vorgabe des Schie\u00dfstandsachverst\u00e4ndigers: <\/span><\/strong><strong><span style=\"font-family: arial, helvetica, sans-serif;\">Entfernung der Teppiche hinter den Kugelf\u00e4ngen auf dem 10-mtr-Stand und Anbringung einer Sta<\/span><\/strong><\/span><span style=\"font-size: 14pt;\"><strong><span style=\"font-family: arial, helvetica, sans-serif;\">hlplattenr\u00fcckwand, <\/span><\/strong><\/span><span style=\"font-size: 14pt;\"><strong><span style=\"font-family: arial, helvetica, sans-serif;\">EInbringung von<\/span><\/strong><\/span><span style=\"font-size: 14pt;\"><strong><span style=\"font-family: arial, helvetica, sans-serif;\"> Stahlblechen hinter den Schie\u00dfbahnbeleuchtung <\/span><\/strong><\/span><\/p>\r\n<p><span style=\"font-family: arial, helvetica, sans-serif; font-size: 14pt;\">\r\n\r\n<\/span><\/p>\r\n<p><span style=\"text-decoration: underline;\"><span style=\"font-family: arial, helvetica, sans-serif; font-size: 18pt;\"><strong>Schie\u00dfsportliche Erfolge<\/strong><\/span><\/span><\/p>\r\n<p><span style=\"font-family: arial, helvetica, sans-serif; font-size: 14pt;\">\r\n\r\n<\/span><\/p>\r\n<p><span style=\"font-family: arial, helvetica, sans-serif; font-size: 14pt;\"><strong>Zahlreiche Teilnahmen an Bezirks-<\/strong> <strong>und Landesmeisterschaften<\/strong><\/span><\/p>\r\n<p><span style=\"font-family: arial, helvetica, sans-serif; font-size: 14pt;\">\r\n\r\n<\/span><\/p>\r\n<p><span style=\"font-family: arial, helvetica, sans-serif; font-size: 14pt;\">T<strong>eilnahmen an der Deutschen Meisterschaft:<\/strong><\/span><\/p>\r\n<p><span style=\"font-family: arial, helvetica, sans-serif; font-size: 14pt;\">\r\n\r\n<\/span><\/p>\r\n<p><span style=\"font-family: arial, helvetica, sans-serif; font-size: 14pt;\"><strong>1. J\u00f6rg Roggenkamp &#8211; Luftpistole Sch\u00fclerklasse 1988<\/strong><\/span><\/p>\r\n<p><span style=\"font-family: arial, helvetica, sans-serif; font-size: 14pt;\"><strong>2. Sven Brune &#8211; Luftpistole Jugendklasse 1992, 94, 95<\/strong><\/span><\/p>\r\n<p><span style=\"font-family: arial, helvetica, sans-serif; font-size: 14pt;\"><strong>3. Maike Eustermann &#8211; Luftpistole Jugendklasse 1994, 95, 96, 97, Damenklasse 2004, Sportpistole 1996, 97<\/strong><\/span><\/p>\r\n<p><span style=\"font-family: arial, helvetica, sans-serif; font-size: 14pt;\"><strong>4. Alfred Roggenkamp &#8211; KK-Liegend Altersklasse 1994<\/strong><\/span><\/p>\r\n<p><span style=\"font-family: arial, helvetica, sans-serif; font-size: 14pt;\"><strong>5. Peter Heckmann &#8211; 2. Platz LG-Auflage DSB-\u00c4ltestenschie\u00dfen 1999<\/strong><\/span><\/p>\r\n<p><span style=\"font-family: arial, helvetica, sans-serif; font-size: 14pt;\"><strong>6. Ingrid Pott &#8211; KK-Liegend Damen-Altersklasse 2001, 2004<\/strong><\/span><\/p>\r\n<p><span style=\"font-family: arial, helvetica, sans-serif; font-size: 14pt;\">\r\n\r\n<\/span><\/p>\r\n<p><span style=\"text-decoration: underline;\"><span style=\"font-size: 18pt;\"><strong><span style=\"font-family: arial, helvetica, sans-serif;\">J\u00e4hrliche Veranstaltungen der SGN<\/span><\/strong><\/span><\/span><\/p>\r\n<p><span style=\"font-family: arial, helvetica, sans-serif; font-size: 14pt;\">\r\n\r\n<\/span><\/p>\r\n<ul class=\"wp-block-list\">\r\n<li><span style=\"font-family: arial, helvetica, sans-serif; font-size: 14pt;\"><strong>ERICA-Pokalschie\u00dfen (immer um Christi-Himmelfahrt)<\/strong><\/span><\/li>\r\n<li><span style=\"font-family: arial, helvetica, sans-serif; font-size: 14pt;\"><strong>Vereinsfest mit Fahrradtour<\/strong><\/span><\/li>\r\n<li><span style=\"font-family: arial, helvetica, sans-serif; font-size: 14pt;\"><strong>Passiventreffen (Seit 1997)<\/strong><\/span><\/li>\r\n<li><span style=\"font-family: arial, helvetica, sans-serif; font-size: 14pt;\"><strong>Weihnachtsschie\u00dfen bzw. seit 2008 Neujahrsschie\u00dfen<\/strong><\/span><\/li>\r\n<\/ul>\r\n","protected":false},"excerpt":{"rendered":"<p>Chronik der Schie\u00dfgesellschaft Neubeckum e.V. Vereinsgr\u00fcndung Gr\u00fcndung der Schie\u00dfgesellschaft &#8222;ERICA&#8220; im Juni 1961 aus den Reihen der B\u00fcrgersch\u00fctzen Neubeckums mit 10 Mitgliedern &#8211; Ursprung des Vereinsnames stammt von der damaligen Sch\u00fctzenkaiserin der B\u00fcrgersch\u00fctzen, Frau Erica Stecher Gr\u00fcndung des Schie\u00dfclub &#8222;Nord&#8220; im Januar 1962 aus den Reihen der Hubertus-Sch\u00fctzen mit 9 Mitgliedern &#8211; Ursprung des Vereinsnamens &#8230; <a title=\"Chronik\" class=\"read-more\" href=\"https:\/\/sg-neubeckum.de\/?page_id=65\" aria-label=\"Mehr Informationen \u00fcber Chronik\">Weiterlesen &#8230;<\/a><\/p>\n","protected":false},"author":3,"featured_media":0,"parent":0,"menu_order":0,"comment_status":"closed","ping_status":"closed","template":"","meta":{"_bbp_topic_count":0,"_bbp_reply_count":0,"_bbp_total_topic_count":0,"_bbp_total_reply_count":0,"_bbp_voice_count":0,"_bbp_anonymous_reply_count":0,"_bbp_topic_count_hidden":0,"_bbp_reply_count_hidden":0,"_bbp_forum_subforum_count":0,"footnotes":""},"class_list":["post-65","page","type-page","status-publish"],"_links":{"self":[{"href":"https:\/\/sg-neubeckum.de\/index.php?rest_route=\/wp\/v2\/pages\/65","targetHints":{"allow":["GET"]}}],"collection":[{"href":"https:\/\/sg-neubeckum.de\/index.php?rest_route=\/wp\/v2\/pages"}],"about":[{"href":"https:\/\/sg-neubeckum.de\/index.php?rest_route=\/wp\/v2\/types\/page"}],"author":[{"embeddable":true,"href":"https:\/\/sg-neubeckum.de\/index.php?rest_route=\/wp\/v2\/users\/3"}],"replies":[{"embeddable":true,"href":"https:\/\/sg-neubeckum.de\/index.php?rest_route=%2Fwp%2Fv2%2Fcomments&post=65"}],"version-history":[{"count":8,"href":"https:\/\/sg-neubeckum.de\/index.php?rest_route=\/wp\/v2\/pages\/65\/revisions"}],"predecessor-version":[{"id":371,"href":"https:\/\/sg-neubeckum.de\/index.php?rest_route=\/wp\/v2\/pages\/65\/revisions\/371"}],"wp:attachment":[{"href":"https:\/\/sg-neubeckum.de\/index.php?rest_route=%2Fwp%2Fv2%2Fmedia&parent=65"}],"curies":[{"name":"wp","href":"https:\/\/api.w.org\/{rel}","templated":true}]}}