{"id":66,"date":"2021-08-10T14:26:01","date_gmt":"2021-08-10T14:26:01","guid":{"rendered":"http:\/\/sgn.sg-neubeckum.de\/?page_id=66"},"modified":"2023-11-16T19:59:53","modified_gmt":"2023-11-16T19:59:53","slug":"impressum","status":"publish","type":"page","link":"https:\/\/sg-neubeckum.de\/?page_id=66","title":{"rendered":"Impressum"},"content":{"rendered":"<p><span style=\"font-family: arial, helvetica, sans-serif;\"><\/span><\/p>\r\n<p class=\"has-text-align-center\" style=\"text-align: center;\"><span style=\"font-family: arial, helvetica, sans-serif; font-size: 18pt;\"><strong>Verantwortlich f\u00fcr den Inhalt dieser Seite<\/strong><\/span><br \/><span style=\"font-family: arial, helvetica, sans-serif; font-size: 18pt;\"><strong>Schie\u00dfgesellschaft Neubeckum e.V.<\/strong><\/span><\/p>\r\n<p style=\"text-align: center;\"><strong><span style=\"font-family: arial, helvetica, sans-serif; font-size: 14pt;\">Amtsgericht M\u00fcnster VR 70320<\/span><\/strong><\/p>\r\n<p class=\"has-text-align-center\" style=\"text-align: center;\"><span style=\"font-family: arial, helvetica, sans-serif; font-size: 14pt;\"><strong><span style=\"text-decoration: underline;\">Vereinsanschrift:<\/span><br \/><\/strong><\/span><\/p>\r\n<p class=\"has-text-align-center\" style=\"text-align: center;\"><span style=\"font-family: arial, helvetica, sans-serif; font-size: 14pt;\"><strong>Sperberstr. 24\u00a0 a<\/strong><\/span><br \/><span style=\"font-family: arial, helvetica, sans-serif; font-size: 14pt;\"><strong>59269 Beckum<\/strong><\/span><\/p>\r\n<p style=\"text-align: center;\"><span style=\"font-family: arial, helvetica, sans-serif; font-size: 14pt;\"><strong>\r\n\r\n<\/strong><\/span><\/p>\r\n<p class=\"has-text-align-center\" style=\"text-align: center;\"><span style=\"font-family: arial, helvetica, sans-serif; font-size: 14pt;\"><strong>Vertreten durch:<\/strong><\/span><br \/><span style=\"font-family: arial, helvetica, sans-serif; font-size: 14pt;\"><strong>Arvid Langner<\/strong><\/span><\/p>\r\n<p style=\"text-align: center;\"><span style=\"font-family: arial, helvetica, sans-serif; font-size: 14pt;\"><strong>\r\n\r\n<\/strong><\/span><\/p>\r\n<p class=\"has-text-align-center\" style=\"text-align: center;\"><span style=\"font-family: arial, helvetica, sans-serif; font-size: 14pt;\"><strong>Kontakt<\/strong><\/span><br \/><span style=\"font-family: arial, helvetica, sans-serif; font-size: 14pt;\"><strong>Telefon: +49 (0) 2521 15038<\/strong><\/span><br \/><span style=\"font-family: arial, helvetica, sans-serif; font-size: 14pt;\"><strong>E-Mail: <a href=\"&#109;&#97;&#x69;l&#116;&#x6f;&#x3a;i&#110;&#x66;&#x6f;&#64;&#115;&#x67;&#x2d;n&#101;&#x75;&#x62;e&#99;&#x6b;&#x75;m&#46;&#x64;e\">&#x69;&#x6e;&#x66;&#x6f;&#x40;&#x73;&#x67;&#x2d;&#x6e;&#x65;&#x75;&#98;&#101;&#99;&#107;&#117;&#109;&#46;de<\/a><\/strong><\/span><\/p>\r\n<p style=\"text-align: center;\"><span style=\"font-family: arial, helvetica, sans-serif; font-size: 14pt;\"><strong>\r\n\r\n<\/strong><\/span><\/p>\r\n<p class=\"has-text-align-center\" style=\"text-align: center;\"><span style=\"font-family: arial, helvetica, sans-serif; font-size: 14pt;\"><strong>Umsatzsteuer-ID 304\/5869\/0154<\/strong><\/span><\/p>\r\n<p class=\"has-text-align-center\" style=\"text-align: center;\"><span style=\"font-family: arial, helvetica, sans-serif; font-size: 14pt;\"><strong>Umsatzsteuer-Identifikationsnummer gem\u00e4\u00df <a href=\"https:\/\/sg-neubeckum.de\/wp-content\/uploads\/2022\/04\/Umsatzsteuergesetz-\u00a727.pdf\" target=\"_blank\" rel=\"noopener\">\u00a7 27 a Umsatzsteuergesetz<\/a><\/strong><\/span><\/p>\r\n<p class=\"has-text-align-center\" style=\"text-align: center;\"><br \/><span style=\"font-family: arial, helvetica, sans-serif; font-size: 14pt;\"><strong>SEPA-Gl\u00e4ubiger-ID: DE26ZZZ00000421354<br \/><\/strong><\/span><\/p>\r\n<p style=\"text-align: center;\"><span style=\"font-family: arial, helvetica, sans-serif; font-size: 14pt;\"><strong>\r\n\r\n<\/strong><\/span><\/p>\r\n<hr \/>\r\n<p style=\"text-align: center;\"><span style=\"font-family: arial, helvetica, sans-serif; font-size: 14pt;\"><strong>\r\n\r\n<\/strong><\/span><\/p>\r\n<p id=\"Layer2\" class=\"has-text-align-center\" style=\"text-align: center;\"><span style=\"font-family: arial, helvetica, sans-serif; font-size: 14pt;\"><strong><u>Gestaltung und Administration:<\/u><\/strong><\/span><\/p>\r\n<p style=\"text-align: center;\"><span style=\"font-family: arial, helvetica, sans-serif; font-size: 14pt;\"><strong>\r\n\r\n<\/strong><\/span><\/p>\r\n<p class=\"has-text-align-center\" style=\"text-align: center;\"><span style=\"font-family: arial, helvetica, sans-serif; font-size: 14pt;\"><strong>\u00a0<\/strong><\/span><\/p>\r\n<p style=\"text-align: center;\"><span style=\"font-family: arial, helvetica, sans-serif; font-size: 14pt;\"><strong>\r\n\r\n<\/strong><\/span><\/p>\r\n<p class=\"has-text-align-center\" style=\"text-align: center;\"><span style=\"font-family: arial, helvetica, sans-serif; font-size: 14pt;\"><strong><a href=\"&#109;a&#x69;l&#x74;o&#x3a;w&#x65;&#98;&#x6d;&#97;&#x73;&#116;&#x65;&#114;&#64;&#115;g&#x2d;n&#x65;u&#x62;&#101;&#x63;&#107;&#x75;&#109;&#x2e;&#100;&#x65;\">&#x77;&#101;b&#x6d;&#x61;&#115;t&#x65;&#114;&#64;&#x73;&#x67;&#45;n&#x65;&#117;b&#x65;&#x63;&#107;u&#x6d;&#x2e;&#100;&#x65;<\/a><\/strong><\/span><\/p>\r\n<p style=\"text-align: center;\"><span style=\"font-family: arial, helvetica, sans-serif; font-size: 14pt;\"><strong>\r\n\r\n<\/strong><\/span><\/p>\r\n<p class=\"has-text-align-center\" style=\"text-align: center;\"><span style=\"font-family: arial, helvetica, sans-serif; font-size: 14pt;\"><strong>mit freundlicher Interst\u00fcrzung durch die<\/strong><\/span><\/p>\r\n<p><span style=\"font-family: arial, helvetica, sans-serif; font-size: 14pt;\">\r\n\r\n<\/span><\/p>\r\n<div class=\"wp-block-image\" style=\"text-align: center;\">\r\n<figure class=\"aligncenter size-full\"><span style=\"font-family: arial, helvetica, sans-serif; font-size: 14pt;\"><a href=\"http:\/\/www.sw-comnizept.de\" target=\"_blank\" rel=\"noopener\"><img loading=\"lazy\" decoding=\"async\" class=\"alignnone wp-image-338\" src=\"http:\/\/sgn.sg-neubeckum.de\/wp-content\/uploads\/2022\/04\/logo-SW-Comnizept.png\" alt=\"\" width=\"419\" height=\"160\" srcset=\"https:\/\/sg-neubeckum.de\/wp-content\/uploads\/2022\/04\/logo-SW-Comnizept.png 419w, https:\/\/sg-neubeckum.de\/wp-content\/uploads\/2022\/04\/logo-SW-Comnizept-300x115.png 300w\" sizes=\"auto, (max-width: 419px) 100vw, 419px\" \/><\/a><\/span><\/figure>\r\n<\/div>\r\n<p><span style=\"font-family: arial, helvetica, sans-serif; font-size: 14pt;\">\r\n\r\n<\/span><\/p>\r\n<p style=\"text-align: center;\">\u00a0<\/p>\r\n<p><span style=\"font-family: arial, helvetica, sans-serif;\"><\/span><\/p>","protected":false},"excerpt":{"rendered":"<p>Verantwortlich f\u00fcr den Inhalt dieser SeiteSchie\u00dfgesellschaft Neubeckum e.V. Amtsgericht M\u00fcnster VR 70320 Vereinsanschrift: Sperberstr. 24\u00a0 a59269 Beckum Vertreten durch:Arvid Langner KontaktTelefon: +49 (0) 2521 15038E-Mail: &#105;&#x6e;&#102;&#x6f;&#64;&#x73;g&#x2d;n&#x65;u&#98;&#x65;&#99;&#x6b;&#117;&#x6d;&#46;&#x64;e Umsatzsteuer-ID 304\/5869\/0154 Umsatzsteuer-Identifikationsnummer gem\u00e4\u00df \u00a7 27 a Umsatzsteuergesetz SEPA-Gl\u00e4ubiger-ID: DE26ZZZ00000421354 Gestaltung und Administration: \u00a0 &#119;&#x65;b&#x6d;&#x61;&#115;&#x74;e&#x72;&#x40;&#115;&#x67;-&#x6e;&#x65;&#117;&#x62;e&#x63;&#x6b;&#117;&#x6d;&#46;&#x64;&#x65; mit freundlicher Interst\u00fcrzung durch die \u00a0<\/p>\n","protected":false},"author":3,"featured_media":0,"parent":0,"menu_order":0,"comment_status":"closed","ping_status":"closed","template":"","meta":{"_bbp_topic_count":0,"_bbp_reply_count":0,"_bbp_total_topic_count":0,"_bbp_total_reply_count":0,"_bbp_voice_count":0,"_bbp_anonymous_reply_count":0,"_bbp_topic_count_hidden":0,"_bbp_reply_count_hidden":0,"_bbp_forum_subforum_count":0,"footnotes":""},"class_list":["post-66","page","type-page","status-publish"],"_links":{"self":[{"href":"https:\/\/sg-neubeckum.de\/index.php?rest_route=\/wp\/v2\/pages\/66","targetHints":{"allow":["GET"]}}],"collection":[{"href":"https:\/\/sg-neubeckum.de\/index.php?rest_route=\/wp\/v2\/pages"}],"about":[{"href":"https:\/\/sg-neubeckum.de\/index.php?rest_route=\/wp\/v2\/types\/page"}],"author":[{"embeddable":true,"href":"https:\/\/sg-neubeckum.de\/index.php?rest_route=\/wp\/v2\/users\/3"}],"replies":[{"embeddable":true,"href":"https:\/\/sg-neubeckum.de\/index.php?rest_route=%2Fwp%2Fv2%2Fcomments&post=66"}],"version-history":[{"count":20,"href":"https:\/\/sg-neubeckum.de\/index.php?rest_route=\/wp\/v2\/pages\/66\/revisions"}],"predecessor-version":[{"id":1167,"href":"https:\/\/sg-neubeckum.de\/index.php?rest_route=\/wp\/v2\/pages\/66\/revisions\/1167"}],"wp:attachment":[{"href":"https:\/\/sg-neubeckum.de\/index.php?rest_route=%2Fwp%2Fv2%2Fmedia&parent=66"}],"curies":[{"name":"wp","href":"https:\/\/api.w.org\/{rel}","templated":true}]}}