{"id":92,"date":"2021-08-10T14:34:04","date_gmt":"2021-08-10T14:34:04","guid":{"rendered":"http:\/\/sgn.sg-neubeckum.de\/?page_id=92"},"modified":"2023-03-18T13:49:18","modified_gmt":"2023-03-18T13:49:18","slug":"erica-pokal","status":"publish","type":"page","link":"https:\/\/sg-neubeckum.de\/?page_id=92","title":{"rendered":"ERICA-Pokal"},"content":{"rendered":"\r\n<p class=\"has-text-align-center\" style=\"text-align: center;\"><span style=\"font-family: arial, helvetica, sans-serif; font-size: 14pt;\"><strong>Die S.G. Neubeckum e.V. l\u00e4dt alle schie\u00dfsporttreibenden Vereine ein zum ERICA-Pokalschie\u00dfen<\/strong><\/span><\/p>\r\n<p><span style=\"font-family: arial, helvetica, sans-serif; font-size: 14pt;\">\r\n\r\n<\/span><\/p>\r\n<p class=\"has-text-align-center\" style=\"text-align: center;\"><span style=\"font-family: arial, helvetica, sans-serif; font-size: 24pt; color: #ff0000;\"><strong>vom 15.05. &#8211; 20.05.2023<br \/><\/strong><\/span><\/p>\r\n<p><span style=\"font-family: arial, helvetica, sans-serif; font-size: 14pt;\">\r\n\r\n<\/span><\/p>\r\n<p class=\"has-text-align-center\" style=\"text-align: center;\"><span style=\"font-family: arial, helvetica, sans-serif; font-size: 14pt;\">Laden Sie sich die Auschreibung und das Meldeformular einfach runter. Die heruntergeladenen Formulare finden Sie in Ihrem Webbrowser oben rechts unter dem Download-Symbol als PDF-Formular &#8211; Formular ausf\u00fcllen und uns zusenden, und <\/span><span style=\"font-family: arial, helvetica, sans-serif; font-size: 14pt;\">wir k\u00f6nnen im Vorfeld die Startkarten f\u00fcr Ihre Sch\u00fctzen schon vorbereiten. Bitte nur das von uns bereitgestellt Formular zur Anmeldung verwenden.<br \/><\/span><\/p>\r\n<p><span style=\"font-family: arial, helvetica, sans-serif; font-size: 14pt;\">\r\n\r\n<\/span><\/p>\r\n<p class=\"has-text-align-center\" style=\"text-align: center;\"><span style=\"font-family: arial, helvetica, sans-serif; font-size: 14pt;\"><strong><a href=\"https:\/\/sg-neubeckum.de\/wp-content\/uploads\/2023\/03\/ERICA_2023.pdf\">Ausschreibung<\/a> &#8211; <a href=\"https:\/\/sg-neubeckum.de\/wp-content\/uploads\/2023\/03\/Anmeldung-ERICA-Pokal.pdf\" target=\"_blank\" rel=\"noopener\">Anmeldeformular<\/a><\/strong><\/span><\/p>\r\n<p>&nbsp;<\/p>\r\n<p style=\"text-align: center;\"><strong><span style=\"font-family: arial, helvetica, sans-serif; font-size: 14pt;\">Hier k\u00f6nnen Sie EInblick nehmen, welche Startzeiten bereits belegt und welche f\u00fcr Sie noch verf\u00fcgbar sind. <\/span><\/strong><\/p>\r\n<p style=\"text-align: center;\"><strong><span style=\"font-family: arial, helvetica, sans-serif; font-size: 14pt;\">Diese Seite wird anonymisiert aufgebaut und beinhaltet die reinen Startzeiten (Rote Felder sind bereits belegte Startzeiten).<\/span><\/strong><\/p>\r\n<p style=\"text-align: center;\"><strong><span style=\"font-family: arial, helvetica, sans-serif;\">Klicken Sie einfach das gew\u00fcsnchte Datum in der gr\u00fcnen Zeile an und SIe erhalten die Belegungs\u00fcbersicht f\u00fcr diesen Tag.<\/span><\/strong><\/p>\r\n<p style=\"text-align: center;\"><strong><span style=\"font-family: arial, helvetica, sans-serif; font-size: 14pt;\"><span style=\"color: #3366ff;\"><a style=\"color: #3366ff;\" href=\"https:\/\/sg-neubeckum.de\/?page_id=906\">Hier geht es zur Belegungs\u00fcbersicht<\/a><\/span><br \/><\/span><\/strong><\/p>\r\n\r\n\r\n\r\n<p class=\"has-text-align-center\">\u00a0<\/p>\r\n","protected":false},"excerpt":{"rendered":"<p>Die S.G. Neubeckum e.V. l\u00e4dt alle schie\u00dfsporttreibenden Vereine ein zum ERICA-Pokalschie\u00dfen vom 15.05. &#8211; 20.05.2023 Laden Sie sich die Auschreibung und das Meldeformular einfach runter. Die heruntergeladenen Formulare finden Sie in Ihrem Webbrowser oben rechts unter dem Download-Symbol als PDF-Formular &#8211; Formular ausf\u00fcllen und uns zusenden, und wir k\u00f6nnen im Vorfeld die Startkarten f\u00fcr Ihre &#8230; <a title=\"ERICA-Pokal\" class=\"read-more\" href=\"https:\/\/sg-neubeckum.de\/?page_id=92\" aria-label=\"Mehr Informationen \u00fcber ERICA-Pokal\">Weiterlesen &#8230;<\/a><\/p>\n","protected":false},"author":3,"featured_media":0,"parent":0,"menu_order":0,"comment_status":"closed","ping_status":"closed","template":"","meta":{"_bbp_topic_count":0,"_bbp_reply_count":0,"_bbp_total_topic_count":0,"_bbp_total_reply_count":0,"_bbp_voice_count":0,"_bbp_anonymous_reply_count":0,"_bbp_topic_count_hidden":0,"_bbp_reply_count_hidden":0,"_bbp_forum_subforum_count":0,"footnotes":""},"class_list":["post-92","page","type-page","status-publish"],"_links":{"self":[{"href":"https:\/\/sg-neubeckum.de\/index.php?rest_route=\/wp\/v2\/pages\/92","targetHints":{"allow":["GET"]}}],"collection":[{"href":"https:\/\/sg-neubeckum.de\/index.php?rest_route=\/wp\/v2\/pages"}],"about":[{"href":"https:\/\/sg-neubeckum.de\/index.php?rest_route=\/wp\/v2\/types\/page"}],"author":[{"embeddable":true,"href":"https:\/\/sg-neubeckum.de\/index.php?rest_route=\/wp\/v2\/users\/3"}],"replies":[{"embeddable":true,"href":"https:\/\/sg-neubeckum.de\/index.php?rest_route=%2Fwp%2Fv2%2Fcomments&post=92"}],"version-history":[{"count":15,"href":"https:\/\/sg-neubeckum.de\/index.php?rest_route=\/wp\/v2\/pages\/92\/revisions"}],"predecessor-version":[{"id":944,"href":"https:\/\/sg-neubeckum.de\/index.php?rest_route=\/wp\/v2\/pages\/92\/revisions\/944"}],"wp:attachment":[{"href":"https:\/\/sg-neubeckum.de\/index.php?rest_route=%2Fwp%2Fv2%2Fmedia&parent=92"}],"curies":[{"name":"wp","href":"https:\/\/api.w.org\/{rel}","templated":true}]}}