{"id":94,"date":"2021-08-10T14:34:04","date_gmt":"2021-08-10T14:34:04","guid":{"rendered":"http:\/\/sgn.sg-neubeckum.de\/?page_id=94"},"modified":"2022-05-31T09:27:26","modified_gmt":"2022-05-31T09:27:26","slug":"westfaelischer-schuetzenbund","status":"publish","type":"page","link":"https:\/\/sg-neubeckum.de\/?page_id=94","title":{"rendered":"Westf\u00e4lischer Sch\u00fctzenbund"},"content":{"rendered":"<p style=\"text-align: center;\"><a href=\"http:\/\/WWW.WSB1861.de\" target=\"_blank\" rel=\"noopener\"><img loading=\"lazy\" decoding=\"async\" class=\"wp-image-670 aligncenter\" src=\"https:\/\/sg-neubeckum.de\/wp-content\/uploads\/2022\/05\/WSB-Logo-1.jpg\" alt=\"\" width=\"308\" height=\"288\" \/><\/a><a href=\"http:\/\/www.wsb1861.de\" target=\"_blank\" rel=\"noopener\"><strong><span style=\"font-family: arial, helvetica, sans-serif; font-size: 36pt;\">Westf\u00e4lischer Sch\u00fctzenbund 1861 e.V.<\/span><\/strong><\/a><\/p>\n<p style=\"text-align: center;\"><strong><span style=\"font-family: arial, helvetica, sans-serif; font-size: 14pt;\">Ihr Fachverband f\u00fcr sportliche Schie\u00dfen, Sch\u00fctzenbrauchtum und TraditionWestf\u00e4lischer Sch\u00fctzenbund 1861 e.V.<\/span><\/strong><\/p>\n","protected":false},"excerpt":{"rendered":"<p>Westf\u00e4lischer Sch\u00fctzenbund 1861 e.V. Ihr Fachverband f\u00fcr sportliche Schie\u00dfen, Sch\u00fctzenbrauchtum und TraditionWestf\u00e4lischer Sch\u00fctzenbund 1861 e.V.<\/p>\n","protected":false},"author":3,"featured_media":0,"parent":0,"menu_order":0,"comment_status":"closed","ping_status":"closed","template":"","meta":{"_bbp_topic_count":0,"_bbp_reply_count":0,"_bbp_total_topic_count":0,"_bbp_total_reply_count":0,"_bbp_voice_count":0,"_bbp_anonymous_reply_count":0,"_bbp_topic_count_hidden":0,"_bbp_reply_count_hidden":0,"_bbp_forum_subforum_count":0,"footnotes":""},"class_list":["post-94","page","type-page","status-publish"],"_links":{"self":[{"href":"https:\/\/sg-neubeckum.de\/index.php?rest_route=\/wp\/v2\/pages\/94","targetHints":{"allow":["GET"]}}],"collection":[{"href":"https:\/\/sg-neubeckum.de\/index.php?rest_route=\/wp\/v2\/pages"}],"about":[{"href":"https:\/\/sg-neubeckum.de\/index.php?rest_route=\/wp\/v2\/types\/page"}],"author":[{"embeddable":true,"href":"https:\/\/sg-neubeckum.de\/index.php?rest_route=\/wp\/v2\/users\/3"}],"replies":[{"embeddable":true,"href":"https:\/\/sg-neubeckum.de\/index.php?rest_route=%2Fwp%2Fv2%2Fcomments&post=94"}],"version-history":[{"count":5,"href":"https:\/\/sg-neubeckum.de\/index.php?rest_route=\/wp\/v2\/pages\/94\/revisions"}],"predecessor-version":[{"id":674,"href":"https:\/\/sg-neubeckum.de\/index.php?rest_route=\/wp\/v2\/pages\/94\/revisions\/674"}],"wp:attachment":[{"href":"https:\/\/sg-neubeckum.de\/index.php?rest_route=%2Fwp%2Fv2%2Fmedia&parent=94"}],"curies":[{"name":"wp","href":"https:\/\/api.w.org\/{rel}","templated":true}]}}